{"id":2423,"date":"2024-04-04T12:07:52","date_gmt":"2024-04-04T12:07:52","guid":{"rendered":"https:\/\/b-curelaser.eu\/behandlungsbereiche\/tennisarm\/"},"modified":"2024-12-05T13:52:26","modified_gmt":"2024-12-05T13:52:26","slug":"tennisarm","status":"publish","type":"page","link":"https:\/\/b-curelaser.eu\/de\/behandlungsbereiche\/tennisarm\/","title":{"rendered":"Tennisarm"},"content":{"rendered":"\t\t<div data-elementor-type=\"wp-page\" data-elementor-id=\"2423\" class=\"elementor elementor-2423 elementor-436\" data-elementor-post-type=\"page\">\n\t\t\t\t<div class=\"elementor-element elementor-element-d772066 e-flex e-con-boxed e-con e-parent\" data-id=\"d772066\" data-element_type=\"container\">\n\t\t\t\t\t<div class=\"e-con-inner\">\n\t\t\t\t<div class=\"elementor-element elementor-element-5e385c8 elementor-widget elementor-widget-heading\" data-id=\"5e385c8\" data-element_type=\"widget\" data-widget_type=\"heading.default\">\n\t\t\t\t<div class=\"elementor-widget-container\">\n\t\t\t\t\t<h1 class=\"elementor-heading-title elementor-size-default\">Tennisarm<\/h1>\t\t\t\t<\/div>\n\t\t\t\t<\/div>\n\t\t\t\t<div class=\"elementor-element elementor-element-a01948e elementor-widget elementor-widget-text-editor\" data-id=\"a01948e\" data-element_type=\"widget\" data-widget_type=\"text-editor.default\">\n\t\t\t\t<div class=\"elementor-widget-container\">\n\t\t\t\t\t\t\t\t\t<div data-id=\"40b79f86\" data-element_type=\"widget\" data-widget_type=\"heading.default\">\n<h2><span style=\"color: #fcb900;\">Ursachen, Symptome und nat\u00fcrliche Behandlung von Schmerzen im Ellenbogen (Tennisellenbogen)<\/span><\/h2>\n<\/div>\n<div class=\"elementor-element elementor-element-2890094b innerContent elementor-widget elementor-widget-theme-post-content\" data-id=\"2890094b\" data-element_type=\"widget\" data-widget_type=\"theme-post-content.default\">\n<div class=\"elementor-widget-container\">\n<p>Tennisarm ist die allgemeine Bezeichnung f\u00fcr eine Entz\u00fcndung der Sehnen, die die Armmuskeln mit dem Ellbogen verbinden. Eine Ellenbogenentz\u00fcndung verursacht Schmerzen an der Au\u00dfenseite des Ellenbogens. Das Ph\u00e4nomen tritt auf, nachdem Unterarm und Hand bei Aktivit\u00e4ten, die der Ausf\u00fchrende nicht gewohnt ist, stark beansprucht wurden.<\/p>\n<p>Der <strong>Tennisarm<\/strong> ist eine der Entz\u00fcndungen mit dem bekanntesten Namen in unserem K\u00f6rper, allein schon wegen der Verbindung zwischen ihm und dem prestigetr\u00e4chtigen Sport. Tennisarm ist eigentlich eine Bezeichnung f\u00fcr die Entz\u00fcndung, die sich in den Sehnen entwickelt, die die Muskeln des Arms mit dem Ellbogen verbinden. Die Entz\u00fcndung entsteht durch einen Riss am Ursprung der Strecksehnen, der sich an der Au\u00dfenseite des Ellenbogens befindet.<\/p>\n<p>Eine Ellenbogenentz\u00fcndung verursacht Schmerzen an der Au\u00dfenseite des Ellenbogens. Diese Muskeln und Sehnen sind anf\u00e4llig f\u00fcr Abnutzung und Verschlei\u00df durch \u00dcberlastung. Etwas, das die Aktivit\u00e4t von Sportlern charakterisiert, die Tennis oder Golf spielen. Das Ph\u00e4nomen tritt auf, nachdem Unterarm und Hand bei Aktivit\u00e4ten, die der Ausf\u00fchrende nicht gewohnt ist, stark beansprucht wurden.<\/p>\n<h3><span style=\"color: #fcb900;\">Nicht nur Tennisspieler<\/span><\/h3>\n<p>Mit der Entwicklung der Technologie und den zunehmenden Ver\u00e4nderungen in der westlichen Arbeitswelt wird der Tennisarm immer h\u00e4ufiger. Selbst bei Menschen, die den gr\u00f6\u00dften Teil ihres Tages vor dem Computer und nicht auf dem Tennisplatz verbringen. Wenn sich bei einem Sportler eine Ellenbogenentz\u00fcndung entwickelt, ist dies das Ergebnis einer unsachgem\u00e4\u00dfen Bewegung oder \u00dcberanstrengung. Aber wenn die gleiche Entz\u00fcndung im B\u00fcro auftritt, ist es ratsam, darauf zu achten, wie Sie sitzen.<\/p>\n<h3><span style=\"color: #fcb900;\">Die Ursachen des Tennisarms<\/span><\/h3>\n<p>Die Entz\u00fcndung entsteht durch einen Riss am Ursprung der Strecksehnen des Handgelenks und der Finger, der sich an der Au\u00dfenseite des Ellenbogens befindet. Diese Muskeln und Sehnen sind anf\u00e4llig f\u00fcr Abnutzungserscheinungen aufgrund der \u00dcberbelastung, die die Aktivit\u00e4t von Sportlern beim Tennis oder Golf kennzeichnet.<\/p>\n<h3><span style=\"color: #fcb900;\">Die Behandlungen<\/span><\/h3>\n<ul>\n<li><strong>Ruhen Sie sich aus und beenden Sie die intensive Aktivit\u00e4t mit dem Ellbogen<\/strong><\/li>\n<li><strong>Physiotherapie<\/strong><\/li>\n<li><strong>Akupunktur<\/strong><\/li>\n<li><strong>Entz\u00fcndungshemmende Arzneimitteltherapie<\/strong><\/li>\n<li><strong>Steroidtherapie oder Verband<\/strong><\/li>\n<li><strong>In extremen F\u00e4llen erfordert das Problem eine Operation<\/strong><\/li>\n<\/ul>\n<p>Wenn ein Tennisarm auftritt, muss die Behandlung von Ruhe begleitet werden, um die Belastung der Sehnen in diesem Bereich zu verringern. Das bedeutet auch, dass Sie den Ellbogen seltener beugen und weniger Gewicht tragen, was die Bewegung des Ellbogens erschweren kann.<\/p>\n<h3 class=\"wp-block-heading\"><span style=\"color: #fcb900;\">Bee Cure Laser &#8211; nat\u00fcrliche Behandlung f\u00fcr Tennisarm<\/span><\/h3>\n<p>Die Behandlung mit dem Be Cure Laserger\u00e4t ist sehr einfach. Sie setzen das Ger\u00e4t zweimal t\u00e4glich 6 bis 8 Minuten lang auf den Behandlungspunkt, der dem Schmerzbereich entspricht, und lassen den Laser die Arbeit machen. Der Laserstrahl, der aus dem Ger\u00e4t kommt, dringt durch die Haut in das Gewebe ein und stimuliert biostimulierende Prozesse im K\u00f6rper. Zu diesen Prozessen geh\u00f6rt die \u00dcbertragung von Energie auf die gesch\u00e4digten Zellen und Gewebe, wodurch diese veranlasst werden, vermehrt ATP zu produzieren, das die aktive Substanz in der Zelle ist.<\/p>\n<p>Dar\u00fcber hinaus stimuliert der Laser die nat\u00fcrlichen Heilungsmechanismen des K\u00f6rpers und bewirkt eine verst\u00e4rkte Aussch\u00fcttung von Endorphinen, die f\u00fcr die Schmerzlinderung verantwortlich sind, und von entz\u00fcndungshemmenden Enzymen. F\u00fcr Sportler ist es von gro\u00dfer Bedeutung, dass es sich um eine nat\u00fcrliche und \u00e4u\u00dferliche Behandlung handelt. Auf diese Weise k\u00f6nnen Sie die Einnahme verschiedener Pillen, die Nebenwirkungen haben k\u00f6nnen, reduzieren.<\/p>\n<h3 class=\"wp-block-heading\"><span style=\"color: #fcb900;\">Leitlinien f\u00fcr die Behandlung von Tennisarm \/ Golfarm:<\/span><\/h3>\n<p>Legen Sie das Ger\u00e4t f\u00fcr jeweils 6-8 Minuten auf die folgenden Bereiche des Ellenbogens:<\/p>\n<ul>\n<li>auf der inneren Oberfl\u00e4che der Falte, in der Breite<\/li>\n<li>Auf der Innenseite des Arms, entlang seiner L\u00e4nge<\/li>\n<li>an der Au\u00dfenseite des Arms<\/li>\n<\/ul>\n<p>Drei (3) Behandlungspunkte, insgesamt 18-24 Minuten pro Behandlungssitzung. 2-4 Mal pro Tag behandeln<\/p>\n<\/div>\n<figure class=\"wp-block-image size-full\"><a href=\"https:\/\/b-curelaser.eu\/wp-content\/uploads\/2024\/06\/Teniselbow1312.png\"><img fetchpriority=\"high\" decoding=\"async\" class=\"alignnone wp-image-2104 size-full\" src=\"https:\/\/b-curelaser.eu\/wp-content\/uploads\/2024\/06\/Teniselbow1312.png\" alt=\"\" width=\"600\" height=\"318\" srcset=\"https:\/\/b-curelaser.eu\/wp-content\/uploads\/2024\/06\/Teniselbow1312.png 600w, https:\/\/b-curelaser.eu\/wp-content\/uploads\/2024\/06\/Teniselbow1312-300x159.png 300w\" sizes=\"(max-width: 600px) 100vw, 600px\" \/><\/a><\/figure>\n<\/div>\n\t\t\t\t\t\t\t\t<\/div>\n\t\t\t\t<\/div>\n\t\t<div class=\"elementor-element elementor-element-22830c8 e-con-full e-flex e-con e-child\" data-id=\"22830c8\" data-element_type=\"container\">\n\t\t<div class=\"elementor-element elementor-element-38d4450 e-flex e-con-boxed e-con e-child\" data-id=\"38d4450\" data-element_type=\"container\">\n\t\t\t\t\t<div class=\"e-con-inner\">\n\t\t\t\t<div class=\"elementor-element elementor-element-ed15cde elementor-widget elementor-widget-image\" data-id=\"ed15cde\" data-element_type=\"widget\" data-widget_type=\"image.default\">\n\t\t\t\t<div class=\"elementor-widget-container\">\n\t\t\t\t\t\t\t\t\t\t\t\t\t\t\t\t<a href=\"https:\/\/b-curelaser.eu\/de\/produkt\/b-cure-laser-classic\/\">\n\t\t\t\t\t\t\t<img decoding=\"async\" width=\"300\" height=\"300\" src=\"https:\/\/b-curelaser.eu\/wp-content\/uploads\/2024\/10\/Frame-1597883687-300x300.png\" class=\"attachment-medium size-medium wp-image-3810\" alt=\"\" srcset=\"https:\/\/b-curelaser.eu\/wp-content\/uploads\/2024\/10\/Frame-1597883687-300x300.png 300w, https:\/\/b-curelaser.eu\/wp-content\/uploads\/2024\/10\/Frame-1597883687-150x150.png 150w, https:\/\/b-curelaser.eu\/wp-content\/uploads\/2024\/10\/Frame-1597883687-768x768.png 768w, https:\/\/b-curelaser.eu\/wp-content\/uploads\/2024\/10\/Frame-1597883687-600x600.png 600w, https:\/\/b-curelaser.eu\/wp-content\/uploads\/2024\/10\/Frame-1597883687-100x100.png 100w, https:\/\/b-curelaser.eu\/wp-content\/uploads\/2024\/10\/Frame-1597883687.png 1000w\" sizes=\"(max-width: 300px) 100vw, 300px\" \/>\t\t\t\t\t\t\t\t<\/a>\n\t\t\t\t\t\t\t\t\t\t\t\t\t\t\t<\/div>\n\t\t\t\t<\/div>\n\t\t\t\t<div class=\"elementor-element elementor-element-b52d6cc elementor-widget elementor-widget-heading\" data-id=\"b52d6cc\" data-element_type=\"widget\" data-widget_type=\"heading.default\">\n\t\t\t\t<div class=\"elementor-widget-container\">\n\t\t\t\t\t<h2 class=\"elementor-heading-title elementor-size-default\">B-Cure Laser Classic<\/h2>\t\t\t\t<\/div>\n\t\t\t\t<\/div>\n\t\t\t\t<div class=\"elementor-element elementor-element-0a93e0a elementor-widget__width-initial elementor-align-center uael-mbutton-text-center elementor-widget elementor-widget-uael-marketing-button\" data-id=\"0a93e0a\" data-element_type=\"widget\" data-settings=\"{&quot;title_margin_bottom&quot;:{&quot;unit&quot;:&quot;px&quot;,&quot;size&quot;:2,&quot;sizes&quot;:[]},&quot;padding&quot;:{&quot;unit&quot;:&quot;px&quot;,&quot;top&quot;:&quot;13&quot;,&quot;right&quot;:&quot;35&quot;,&quot;bottom&quot;:&quot;13&quot;,&quot;left&quot;:&quot;35&quot;,&quot;isLinked&quot;:false},&quot;align&quot;:&quot;center&quot;,&quot;padding_tablet&quot;:{&quot;unit&quot;:&quot;px&quot;,&quot;top&quot;:&quot;&quot;,&quot;right&quot;:&quot;&quot;,&quot;bottom&quot;:&quot;&quot;,&quot;left&quot;:&quot;&quot;,&quot;isLinked&quot;:true},&quot;padding_mobile&quot;:{&quot;unit&quot;:&quot;px&quot;,&quot;top&quot;:&quot;&quot;,&quot;right&quot;:&quot;&quot;,&quot;bottom&quot;:&quot;&quot;,&quot;left&quot;:&quot;&quot;,&quot;isLinked&quot;:true},&quot;title_margin_bottom_tablet&quot;:{&quot;unit&quot;:&quot;px&quot;,&quot;size&quot;:&quot;&quot;,&quot;sizes&quot;:[]},&quot;title_margin_bottom_mobile&quot;:{&quot;unit&quot;:&quot;px&quot;,&quot;size&quot;:&quot;&quot;,&quot;sizes&quot;:[]}}\" data-widget_type=\"uael-marketing-button.default\">\n\t\t\t\t<div class=\"elementor-widget-container\">\n\t\t\t\t\t\t\t<div class=\"uael-marketing-button elementor-widget-button\">\n\t\t\t<div class=\"uael-button-wrapper\">\n\t\t\t\t<a class=\"elementor-button-link elementor-button elementor-size-sm uael-marketing-buttons-\" href=\"https:\/\/b-curelaser.eu\/de\/produkt\/b-cure-laser-classic\/\">\n\t\t\t\t\t\t\t\t\t\t\t\t\t<span class=\"uael-marketing-buttons-wrap\">\n\t\t\t<span class=\"elementor-button-content-wrapper uael-buttons-icon-\">\n\t\t\t\t\t\t\t\t<span class=\"elementor-button-text uael-marketing-button-title elementor-inline-editing\" data-elementor-setting-key=\"text\" data-elementor-inline-editing-toolbar=\"none\">Produkt ansehen<\/span>\n\t\t\t<\/span>\n\t\t\t\t\t<\/span>\n\t\t\t\t\t\t<\/a>\n\t\t\t<\/div>\n\t\t<\/div>\n\t\t\t\t\t\t<\/div>\n\t\t\t\t<\/div>\n\t\t\t\t\t<\/div>\n\t\t\t\t<\/div>\n\t\t<div class=\"elementor-element elementor-element-e038a2b e-flex e-con-boxed e-con e-child\" data-id=\"e038a2b\" data-element_type=\"container\">\n\t\t\t\t\t<div class=\"e-con-inner\">\n\t\t\t\t<div class=\"elementor-element elementor-element-ddede26 elementor-widget elementor-widget-image\" data-id=\"ddede26\" data-element_type=\"widget\" data-widget_type=\"image.default\">\n\t\t\t\t<div class=\"elementor-widget-container\">\n\t\t\t\t\t\t\t\t\t\t\t\t\t\t\t\t<a href=\"https:\/\/b-curelaser.eu\/de\/produkt\/b-cure-laser-pro\/\">\n\t\t\t\t\t\t\t<img decoding=\"async\" width=\"300\" height=\"300\" src=\"https:\/\/b-curelaser.eu\/wp-content\/uploads\/2024\/10\/Frame-1597883688-300x300.png\" class=\"attachment-medium size-medium wp-image-3814\" alt=\"\" srcset=\"https:\/\/b-curelaser.eu\/wp-content\/uploads\/2024\/10\/Frame-1597883688-300x300.png 300w, https:\/\/b-curelaser.eu\/wp-content\/uploads\/2024\/10\/Frame-1597883688-150x150.png 150w, https:\/\/b-curelaser.eu\/wp-content\/uploads\/2024\/10\/Frame-1597883688-768x768.png 768w, https:\/\/b-curelaser.eu\/wp-content\/uploads\/2024\/10\/Frame-1597883688-600x600.png 600w, https:\/\/b-curelaser.eu\/wp-content\/uploads\/2024\/10\/Frame-1597883688-100x100.png 100w, https:\/\/b-curelaser.eu\/wp-content\/uploads\/2024\/10\/Frame-1597883688.png 1000w\" sizes=\"(max-width: 300px) 100vw, 300px\" \/>\t\t\t\t\t\t\t\t<\/a>\n\t\t\t\t\t\t\t\t\t\t\t\t\t\t\t<\/div>\n\t\t\t\t<\/div>\n\t\t\t\t<div class=\"elementor-element elementor-element-9837c54 elementor-widget elementor-widget-heading\" data-id=\"9837c54\" data-element_type=\"widget\" data-widget_type=\"heading.default\">\n\t\t\t\t<div class=\"elementor-widget-container\">\n\t\t\t\t\t<h2 class=\"elementor-heading-title elementor-size-default\">B-Cure Laser Pro<\/h2>\t\t\t\t<\/div>\n\t\t\t\t<\/div>\n\t\t\t\t<div class=\"elementor-element elementor-element-01dfc88 elementor-widget__width-initial elementor-align-center uael-mbutton-text-center elementor-widget elementor-widget-uael-marketing-button\" data-id=\"01dfc88\" data-element_type=\"widget\" data-settings=\"{&quot;title_margin_bottom&quot;:{&quot;unit&quot;:&quot;px&quot;,&quot;size&quot;:2,&quot;sizes&quot;:[]},&quot;padding&quot;:{&quot;unit&quot;:&quot;px&quot;,&quot;top&quot;:&quot;13&quot;,&quot;right&quot;:&quot;35&quot;,&quot;bottom&quot;:&quot;13&quot;,&quot;left&quot;:&quot;35&quot;,&quot;isLinked&quot;:false},&quot;align&quot;:&quot;center&quot;,&quot;padding_tablet&quot;:{&quot;unit&quot;:&quot;px&quot;,&quot;top&quot;:&quot;&quot;,&quot;right&quot;:&quot;&quot;,&quot;bottom&quot;:&quot;&quot;,&quot;left&quot;:&quot;&quot;,&quot;isLinked&quot;:true},&quot;padding_mobile&quot;:{&quot;unit&quot;:&quot;px&quot;,&quot;top&quot;:&quot;&quot;,&quot;right&quot;:&quot;&quot;,&quot;bottom&quot;:&quot;&quot;,&quot;left&quot;:&quot;&quot;,&quot;isLinked&quot;:true},&quot;title_margin_bottom_tablet&quot;:{&quot;unit&quot;:&quot;px&quot;,&quot;size&quot;:&quot;&quot;,&quot;sizes&quot;:[]},&quot;title_margin_bottom_mobile&quot;:{&quot;unit&quot;:&quot;px&quot;,&quot;size&quot;:&quot;&quot;,&quot;sizes&quot;:[]}}\" data-widget_type=\"uael-marketing-button.default\">\n\t\t\t\t<div class=\"elementor-widget-container\">\n\t\t\t\t\t\t\t<div class=\"uael-marketing-button elementor-widget-button\">\n\t\t\t<div class=\"uael-button-wrapper\">\n\t\t\t\t<a class=\"elementor-button-link elementor-button elementor-size-sm uael-marketing-buttons-\" href=\"https:\/\/b-curelaser.eu\/de\/produkt\/b-cure-laser-pro\/\">\n\t\t\t\t\t\t\t\t\t\t\t\t\t<span class=\"uael-marketing-buttons-wrap\">\n\t\t\t<span class=\"elementor-button-content-wrapper uael-buttons-icon-\">\n\t\t\t\t\t\t\t\t<span class=\"elementor-button-text uael-marketing-button-title elementor-inline-editing\" data-elementor-setting-key=\"text\" data-elementor-inline-editing-toolbar=\"none\">Produkt ansehen<\/span>\n\t\t\t<\/span>\n\t\t\t\t\t<\/span>\n\t\t\t\t\t\t<\/a>\n\t\t\t<\/div>\n\t\t<\/div>\n\t\t\t\t\t\t<\/div>\n\t\t\t\t<\/div>\n\t\t\t\t\t<\/div>\n\t\t\t\t<\/div>\n\t\t\t\t<\/div>\n\t\t\t\t\t<\/div>\n\t\t\t\t<\/div>\n\t\t\t\t<\/div>\n\t\t","protected":false},"excerpt":{"rendered":"<p>Tennisarm Ursachen, Symptome und nat\u00fcrliche Behandlung von Schmerzen im Ellenbogen (Tennisellenbogen) Tennisarm ist die allgemeine Bezeichnung f\u00fcr eine Entz\u00fcndung der Sehnen, die die Armmuskeln mit dem Ellbogen verbinden. Eine Ellenbogenentz\u00fcndung verursacht Schmerzen an der Au\u00dfenseite des Ellenbogens. Das Ph\u00e4nomen tritt auf, nachdem Unterarm und Hand bei Aktivit\u00e4ten, die der Ausf\u00fchrende nicht gewohnt ist, stark beansprucht&hellip;<\/p>\n","protected":false},"author":4,"featured_media":2036,"parent":2262,"menu_order":0,"comment_status":"closed","ping_status":"closed","template":"","meta":{"footnotes":""},"class_list":["post-2423","page","type-page","status-publish","has-post-thumbnail","hentry"],"yoast_head":"<!-- This site is optimized with the Yoast SEO plugin v26.6 - https:\/\/yoast.com\/wordpress\/plugins\/seo\/ -->\n<title>Tennisarm - Take control over pain<\/title>\n<meta name=\"description\" content=\"Tennisellbogen ist der Name f\u00fcr die Entz\u00fcndung der Sehnen, die die Armmuskeln mit dem Ellenbogen verbinden. Das B-Cure Laserger\u00e4t kann dir helfen.\" \/>\n<meta name=\"robots\" content=\"index, follow, max-snippet:-1, max-image-preview:large, max-video-preview:-1\" \/>\n<link rel=\"canonical\" href=\"https:\/\/b-curelaser.eu\/de\/behandlungsbereiche\/tennisarm\/\" \/>\n<meta property=\"og:locale\" content=\"de_DE\" \/>\n<meta property=\"og:type\" content=\"article\" \/>\n<meta property=\"og:title\" content=\"Tennisarm - Take control over pain\" \/>\n<meta property=\"og:description\" content=\"Tennisellbogen ist der Name f\u00fcr die Entz\u00fcndung der Sehnen, die die Armmuskeln mit dem Ellenbogen verbinden. Das B-Cure Laserger\u00e4t kann dir helfen.\" \/>\n<meta property=\"og:url\" content=\"https:\/\/b-curelaser.eu\/de\/behandlungsbereiche\/tennisarm\/\" \/>\n<meta property=\"og:site_name\" content=\"Take control over pain\" \/>\n<meta property=\"article:publisher\" content=\"https:\/\/www.facebook.com\/profile.php?id=61562098760788\" \/>\n<meta property=\"article:modified_time\" content=\"2024-12-05T13:52:26+00:00\" \/>\n<meta property=\"og:image\" content=\"https:\/\/b-curelaser.eu\/wp-content\/uploads\/2024\/06\/Tenniselleboog-uitgelicht.png\" \/>\n\t<meta property=\"og:image:width\" content=\"425\" \/>\n\t<meta property=\"og:image:height\" content=\"200\" \/>\n\t<meta property=\"og:image:type\" content=\"image\/png\" \/>\n<script type=\"application\/ld+json\" class=\"yoast-schema-graph\">{\"@context\":\"https:\/\/schema.org\",\"@graph\":[{\"@type\":\"WebPage\",\"@id\":\"https:\/\/b-curelaser.eu\/de\/behandlungsbereiche\/tennisarm\/\",\"url\":\"https:\/\/b-curelaser.eu\/de\/behandlungsbereiche\/tennisarm\/\",\"name\":\"Tennisarm - Take control over pain\",\"isPartOf\":{\"@id\":\"https:\/\/b-curelaser.eu\/de\/#website\"},\"primaryImageOfPage\":{\"@id\":\"https:\/\/b-curelaser.eu\/de\/behandlungsbereiche\/tennisarm\/#primaryimage\"},\"image\":{\"@id\":\"https:\/\/b-curelaser.eu\/de\/behandlungsbereiche\/tennisarm\/#primaryimage\"},\"thumbnailUrl\":\"https:\/\/b-curelaser.eu\/wp-content\/uploads\/2024\/06\/Tenniselleboog-uitgelicht.png\",\"datePublished\":\"2024-04-04T12:07:52+00:00\",\"dateModified\":\"2024-12-05T13:52:26+00:00\",\"description\":\"Tennisellbogen ist der Name f\u00fcr die Entz\u00fcndung der Sehnen, die die Armmuskeln mit dem Ellenbogen verbinden. Das B-Cure Laserger\u00e4t kann dir helfen.\",\"breadcrumb\":{\"@id\":\"https:\/\/b-curelaser.eu\/de\/behandlungsbereiche\/tennisarm\/#breadcrumb\"},\"inLanguage\":\"de\",\"potentialAction\":[{\"@type\":\"ReadAction\",\"target\":[\"https:\/\/b-curelaser.eu\/de\/behandlungsbereiche\/tennisarm\/\"]}]},{\"@type\":\"ImageObject\",\"inLanguage\":\"de\",\"@id\":\"https:\/\/b-curelaser.eu\/de\/behandlungsbereiche\/tennisarm\/#primaryimage\",\"url\":\"https:\/\/b-curelaser.eu\/wp-content\/uploads\/2024\/06\/Tenniselleboog-uitgelicht.png\",\"contentUrl\":\"https:\/\/b-curelaser.eu\/wp-content\/uploads\/2024\/06\/Tenniselleboog-uitgelicht.png\",\"width\":425,\"height\":200},{\"@type\":\"BreadcrumbList\",\"@id\":\"https:\/\/b-curelaser.eu\/de\/behandlungsbereiche\/tennisarm\/#breadcrumb\",\"itemListElement\":[{\"@type\":\"ListItem\",\"position\":1,\"name\":\"Home\",\"item\":\"https:\/\/b-curelaser.eu\/de\/\"},{\"@type\":\"ListItem\",\"position\":2,\"name\":\"Behandlungsbereiche\",\"item\":\"https:\/\/b-curelaser.eu\/de\/behandlungsbereiche\/\"},{\"@type\":\"ListItem\",\"position\":3,\"name\":\"Tennisarm\"}]},{\"@type\":\"WebSite\",\"@id\":\"https:\/\/b-curelaser.eu\/de\/#website\",\"url\":\"https:\/\/b-curelaser.eu\/de\/\",\"name\":\"B-Cure\",\"description\":\"Neem controle over de pijn\",\"publisher\":{\"@id\":\"https:\/\/b-curelaser.eu\/de\/#organization\"},\"potentialAction\":[{\"@type\":\"SearchAction\",\"target\":{\"@type\":\"EntryPoint\",\"urlTemplate\":\"https:\/\/b-curelaser.eu\/de\/?s={search_term_string}\"},\"query-input\":{\"@type\":\"PropertyValueSpecification\",\"valueRequired\":true,\"valueName\":\"search_term_string\"}}],\"inLanguage\":\"de\"},{\"@type\":\"Organization\",\"@id\":\"https:\/\/b-curelaser.eu\/de\/#organization\",\"name\":\"Take control over pain\",\"url\":\"https:\/\/b-curelaser.eu\/de\/\",\"logo\":{\"@type\":\"ImageObject\",\"inLanguage\":\"de\",\"@id\":\"https:\/\/b-curelaser.eu\/de\/#\/schema\/logo\/image\/\",\"url\":\"https:\/\/b-curelaser.eu\/wp-content\/uploads\/2024\/05\/B-Cure-Laser_Brand-Book_a.png\",\"contentUrl\":\"https:\/\/b-curelaser.eu\/wp-content\/uploads\/2024\/05\/B-Cure-Laser_Brand-Book_a.png\",\"width\":279,\"height\":117,\"caption\":\"Take control over pain\"},\"image\":{\"@id\":\"https:\/\/b-curelaser.eu\/de\/#\/schema\/logo\/image\/\"},\"sameAs\":[\"https:\/\/www.facebook.com\/profile.php?id=61562098760788\"]}]}<\/script>\n<!-- \/ Yoast SEO plugin. -->","yoast_head_json":{"title":"Tennisarm - Take control over pain","description":"Tennisellbogen ist der Name f\u00fcr die Entz\u00fcndung der Sehnen, die die Armmuskeln mit dem Ellenbogen verbinden. Das B-Cure Laserger\u00e4t kann dir helfen.","robots":{"index":"index","follow":"follow","max-snippet":"max-snippet:-1","max-image-preview":"max-image-preview:large","max-video-preview":"max-video-preview:-1"},"canonical":"https:\/\/b-curelaser.eu\/de\/behandlungsbereiche\/tennisarm\/","og_locale":"de_DE","og_type":"article","og_title":"Tennisarm - Take control over pain","og_description":"Tennisellbogen ist der Name f\u00fcr die Entz\u00fcndung der Sehnen, die die Armmuskeln mit dem Ellenbogen verbinden. Das B-Cure Laserger\u00e4t kann dir helfen.","og_url":"https:\/\/b-curelaser.eu\/de\/behandlungsbereiche\/tennisarm\/","og_site_name":"Take control over pain","article_publisher":"https:\/\/www.facebook.com\/profile.php?id=61562098760788","article_modified_time":"2024-12-05T13:52:26+00:00","og_image":[{"width":425,"height":200,"url":"https:\/\/b-curelaser.eu\/wp-content\/uploads\/2024\/06\/Tenniselleboog-uitgelicht.png","type":"image\/png"}],"schema":{"@context":"https:\/\/schema.org","@graph":[{"@type":"WebPage","@id":"https:\/\/b-curelaser.eu\/de\/behandlungsbereiche\/tennisarm\/","url":"https:\/\/b-curelaser.eu\/de\/behandlungsbereiche\/tennisarm\/","name":"Tennisarm - Take control over pain","isPartOf":{"@id":"https:\/\/b-curelaser.eu\/de\/#website"},"primaryImageOfPage":{"@id":"https:\/\/b-curelaser.eu\/de\/behandlungsbereiche\/tennisarm\/#primaryimage"},"image":{"@id":"https:\/\/b-curelaser.eu\/de\/behandlungsbereiche\/tennisarm\/#primaryimage"},"thumbnailUrl":"https:\/\/b-curelaser.eu\/wp-content\/uploads\/2024\/06\/Tenniselleboog-uitgelicht.png","datePublished":"2024-04-04T12:07:52+00:00","dateModified":"2024-12-05T13:52:26+00:00","description":"Tennisellbogen ist der Name f\u00fcr die Entz\u00fcndung der Sehnen, die die Armmuskeln mit dem Ellenbogen verbinden. Das B-Cure Laserger\u00e4t kann dir helfen.","breadcrumb":{"@id":"https:\/\/b-curelaser.eu\/de\/behandlungsbereiche\/tennisarm\/#breadcrumb"},"inLanguage":"de","potentialAction":[{"@type":"ReadAction","target":["https:\/\/b-curelaser.eu\/de\/behandlungsbereiche\/tennisarm\/"]}]},{"@type":"ImageObject","inLanguage":"de","@id":"https:\/\/b-curelaser.eu\/de\/behandlungsbereiche\/tennisarm\/#primaryimage","url":"https:\/\/b-curelaser.eu\/wp-content\/uploads\/2024\/06\/Tenniselleboog-uitgelicht.png","contentUrl":"https:\/\/b-curelaser.eu\/wp-content\/uploads\/2024\/06\/Tenniselleboog-uitgelicht.png","width":425,"height":200},{"@type":"BreadcrumbList","@id":"https:\/\/b-curelaser.eu\/de\/behandlungsbereiche\/tennisarm\/#breadcrumb","itemListElement":[{"@type":"ListItem","position":1,"name":"Home","item":"https:\/\/b-curelaser.eu\/de\/"},{"@type":"ListItem","position":2,"name":"Behandlungsbereiche","item":"https:\/\/b-curelaser.eu\/de\/behandlungsbereiche\/"},{"@type":"ListItem","position":3,"name":"Tennisarm"}]},{"@type":"WebSite","@id":"https:\/\/b-curelaser.eu\/de\/#website","url":"https:\/\/b-curelaser.eu\/de\/","name":"B-Cure","description":"Neem controle over de pijn","publisher":{"@id":"https:\/\/b-curelaser.eu\/de\/#organization"},"potentialAction":[{"@type":"SearchAction","target":{"@type":"EntryPoint","urlTemplate":"https:\/\/b-curelaser.eu\/de\/?s={search_term_string}"},"query-input":{"@type":"PropertyValueSpecification","valueRequired":true,"valueName":"search_term_string"}}],"inLanguage":"de"},{"@type":"Organization","@id":"https:\/\/b-curelaser.eu\/de\/#organization","name":"Take control over pain","url":"https:\/\/b-curelaser.eu\/de\/","logo":{"@type":"ImageObject","inLanguage":"de","@id":"https:\/\/b-curelaser.eu\/de\/#\/schema\/logo\/image\/","url":"https:\/\/b-curelaser.eu\/wp-content\/uploads\/2024\/05\/B-Cure-Laser_Brand-Book_a.png","contentUrl":"https:\/\/b-curelaser.eu\/wp-content\/uploads\/2024\/05\/B-Cure-Laser_Brand-Book_a.png","width":279,"height":117,"caption":"Take control over pain"},"image":{"@id":"https:\/\/b-curelaser.eu\/de\/#\/schema\/logo\/image\/"},"sameAs":["https:\/\/www.facebook.com\/profile.php?id=61562098760788"]}]}},"_links":{"self":[{"href":"https:\/\/b-curelaser.eu\/de\/wp-json\/wp\/v2\/pages\/2423","targetHints":{"allow":["GET"]}}],"collection":[{"href":"https:\/\/b-curelaser.eu\/de\/wp-json\/wp\/v2\/pages"}],"about":[{"href":"https:\/\/b-curelaser.eu\/de\/wp-json\/wp\/v2\/types\/page"}],"author":[{"embeddable":true,"href":"https:\/\/b-curelaser.eu\/de\/wp-json\/wp\/v2\/users\/4"}],"replies":[{"embeddable":true,"href":"https:\/\/b-curelaser.eu\/de\/wp-json\/wp\/v2\/comments?post=2423"}],"version-history":[{"count":6,"href":"https:\/\/b-curelaser.eu\/de\/wp-json\/wp\/v2\/pages\/2423\/revisions"}],"predecessor-version":[{"id":4237,"href":"https:\/\/b-curelaser.eu\/de\/wp-json\/wp\/v2\/pages\/2423\/revisions\/4237"}],"up":[{"embeddable":true,"href":"https:\/\/b-curelaser.eu\/de\/wp-json\/wp\/v2\/pages\/2262"}],"wp:featuredmedia":[{"embeddable":true,"href":"https:\/\/b-curelaser.eu\/de\/wp-json\/wp\/v2\/media\/2036"}],"wp:attachment":[{"href":"https:\/\/b-curelaser.eu\/de\/wp-json\/wp\/v2\/media?parent=2423"}],"curies":[{"name":"wp","href":"https:\/\/api.w.org\/{rel}","templated":true}]}}