{"id":3658,"date":"2024-04-04T12:06:06","date_gmt":"2024-04-04T12:06:06","guid":{"rendered":"https:\/\/b-curelaser.eu\/haftungsausschluss\/"},"modified":"2024-11-20T10:26:17","modified_gmt":"2024-11-20T10:26:17","slug":"haftungsausschluss","status":"publish","type":"page","link":"https:\/\/b-curelaser.eu\/de\/haftungsausschluss\/","title":{"rendered":"Haftungsausschluss"},"content":{"rendered":"\t\t<div data-elementor-type=\"wp-page\" data-elementor-id=\"3658\" class=\"elementor elementor-3658 elementor-458\" data-elementor-post-type=\"page\">\n\t\t\t\t<div class=\"elementor-element elementor-element-15bf908 e-flex e-con-boxed e-con e-parent\" data-id=\"15bf908\" data-element_type=\"container\" data-settings=\"{&quot;background_background&quot;:&quot;classic&quot;}\">\n\t\t\t\t\t<div class=\"e-con-inner\">\n\t\t\t\t<div class=\"elementor-element elementor-element-021ea3a elementor-widget elementor-widget-heading\" data-id=\"021ea3a\" data-element_type=\"widget\" data-widget_type=\"heading.default\">\n\t\t\t\t<div class=\"elementor-widget-container\">\n\t\t\t\t\t<h1 class=\"elementor-heading-title elementor-size-default\">Haftungsausschluss<\/h1>\t\t\t\t<\/div>\n\t\t\t\t<\/div>\n\t\t\t\t\t<\/div>\n\t\t\t\t<\/div>\n\t\t<div class=\"elementor-element elementor-element-b5fc9be e-flex e-con-boxed e-con e-parent\" data-id=\"b5fc9be\" data-element_type=\"container\">\n\t\t\t\t\t<div class=\"e-con-inner\">\n\t\t\t\t<div class=\"elementor-element elementor-element-edc99f0 elementor-widget elementor-widget-text-editor\" data-id=\"edc99f0\" data-element_type=\"widget\" data-widget_type=\"text-editor.default\">\n\t\t\t\t<div class=\"elementor-widget-container\">\n\t\t\t\t\t\t\t\t\t<p>Das B-Cure Laserger\u00e4t ist f\u00fcr die Verwendung als therapeutisches Hilfsmittel zur Schmerzlinderung und zur F\u00f6rderung der Heilung bestimmt.<br \/>\nEs ist kein Ersatz f\u00fcr eine professionelle medizinische Beratung, Diagnose oder Behandlung.<br \/>\nSie sollten vor Beginn einer neuen Behandlung einen Arzt konsultieren, insbesondere, wenn Sie bereits an einer Krankheit leiden oder Bedenken haben.<br \/>\nDie Ergebnisse k\u00f6nnen von Person zu Person variieren, und es werden keine Garantien f\u00fcr die Wirksamkeit oder die Ergebnisse der Verwendung des B-Cure Laserger\u00e4ts gegeben.<br \/>\nDer Hersteller und die Vertreiber des B-Cure Laser Ger\u00e4ts haften nicht f\u00fcr nachteilige Auswirkungen oder Verletzungen, die sich aus der Verwendung des Ger\u00e4ts ergeben.<br \/>\nVerwenden Sie das B-Cure Laser Ger\u00e4t entsprechend der mitgelieferten Anleitung und wenden Sie sich bei allen Fragen oder Problemen im Zusammenhang mit der Verwendung an einen Fachmann.     <\/p>\n\t\t\t\t\t\t\t\t<\/div>\n\t\t\t\t<\/div>\n\t\t\t\t\t<\/div>\n\t\t\t\t<\/div>\n\t\t\t\t<\/div>\n\t\t","protected":false},"excerpt":{"rendered":"<p>Haftungsausschluss Das B-Cure Laserger\u00e4t ist f\u00fcr die Verwendung als therapeutisches Hilfsmittel zur Schmerzlinderung und zur F\u00f6rderung der Heilung bestimmt. Es ist kein Ersatz f\u00fcr eine professionelle medizinische Beratung, Diagnose oder Behandlung. Sie sollten vor Beginn einer neuen Behandlung einen Arzt konsultieren, insbesondere, wenn Sie bereits an einer Krankheit leiden oder Bedenken haben. Die Ergebnisse k\u00f6nnen&hellip;<\/p>\n","protected":false},"author":4,"featured_media":0,"parent":0,"menu_order":0,"comment_status":"closed","ping_status":"closed","template":"elementor_header_footer","meta":{"footnotes":""},"class_list":["post-3658","page","type-page","status-publish","hentry"],"yoast_head":"<!-- This site is optimized with the Yoast SEO plugin v26.6 - https:\/\/yoast.com\/wordpress\/plugins\/seo\/ -->\n<title>Haftungsausschluss - Take control over pain<\/title>\n<meta name=\"robots\" content=\"index, follow, max-snippet:-1, max-image-preview:large, max-video-preview:-1\" \/>\n<link rel=\"canonical\" href=\"https:\/\/b-curelaser.eu\/de\/haftungsausschluss\/\" \/>\n<meta property=\"og:locale\" content=\"de_DE\" \/>\n<meta property=\"og:type\" content=\"article\" \/>\n<meta property=\"og:title\" content=\"Haftungsausschluss - Take control over pain\" \/>\n<meta property=\"og:description\" content=\"Haftungsausschluss Das B-Cure Laserger\u00e4t ist f\u00fcr die Verwendung als therapeutisches Hilfsmittel zur Schmerzlinderung und zur F\u00f6rderung der Heilung bestimmt. Es ist kein Ersatz f\u00fcr eine professionelle medizinische Beratung, Diagnose oder Behandlung. Sie sollten vor Beginn einer neuen Behandlung einen Arzt konsultieren, insbesondere, wenn Sie bereits an einer Krankheit leiden oder Bedenken haben. Die Ergebnisse k\u00f6nnen&hellip;\" \/>\n<meta property=\"og:url\" content=\"https:\/\/b-curelaser.eu\/de\/haftungsausschluss\/\" \/>\n<meta property=\"og:site_name\" content=\"Take control over pain\" \/>\n<meta property=\"article:publisher\" content=\"https:\/\/www.facebook.com\/profile.php?id=61562098760788\" \/>\n<meta property=\"article:modified_time\" content=\"2024-11-20T10:26:17+00:00\" \/>\n<script type=\"application\/ld+json\" class=\"yoast-schema-graph\">{\"@context\":\"https:\/\/schema.org\",\"@graph\":[{\"@type\":\"WebPage\",\"@id\":\"https:\/\/b-curelaser.eu\/de\/haftungsausschluss\/\",\"url\":\"https:\/\/b-curelaser.eu\/de\/haftungsausschluss\/\",\"name\":\"Haftungsausschluss - Take control over pain\",\"isPartOf\":{\"@id\":\"https:\/\/b-curelaser.eu\/de\/#website\"},\"datePublished\":\"2024-04-04T12:06:06+00:00\",\"dateModified\":\"2024-11-20T10:26:17+00:00\",\"breadcrumb\":{\"@id\":\"https:\/\/b-curelaser.eu\/de\/haftungsausschluss\/#breadcrumb\"},\"inLanguage\":\"de\",\"potentialAction\":[{\"@type\":\"ReadAction\",\"target\":[\"https:\/\/b-curelaser.eu\/de\/haftungsausschluss\/\"]}]},{\"@type\":\"BreadcrumbList\",\"@id\":\"https:\/\/b-curelaser.eu\/de\/haftungsausschluss\/#breadcrumb\",\"itemListElement\":[{\"@type\":\"ListItem\",\"position\":1,\"name\":\"Home\",\"item\":\"https:\/\/b-curelaser.eu\/de\/\"},{\"@type\":\"ListItem\",\"position\":2,\"name\":\"Haftungsausschluss\"}]},{\"@type\":\"WebSite\",\"@id\":\"https:\/\/b-curelaser.eu\/de\/#website\",\"url\":\"https:\/\/b-curelaser.eu\/de\/\",\"name\":\"B-Cure\",\"description\":\"Neem controle over de pijn\",\"publisher\":{\"@id\":\"https:\/\/b-curelaser.eu\/de\/#organization\"},\"potentialAction\":[{\"@type\":\"SearchAction\",\"target\":{\"@type\":\"EntryPoint\",\"urlTemplate\":\"https:\/\/b-curelaser.eu\/de\/?s={search_term_string}\"},\"query-input\":{\"@type\":\"PropertyValueSpecification\",\"valueRequired\":true,\"valueName\":\"search_term_string\"}}],\"inLanguage\":\"de\"},{\"@type\":\"Organization\",\"@id\":\"https:\/\/b-curelaser.eu\/de\/#organization\",\"name\":\"Take control over pain\",\"url\":\"https:\/\/b-curelaser.eu\/de\/\",\"logo\":{\"@type\":\"ImageObject\",\"inLanguage\":\"de\",\"@id\":\"https:\/\/b-curelaser.eu\/de\/#\/schema\/logo\/image\/\",\"url\":\"https:\/\/b-curelaser.eu\/wp-content\/uploads\/2024\/05\/B-Cure-Laser_Brand-Book_a.png\",\"contentUrl\":\"https:\/\/b-curelaser.eu\/wp-content\/uploads\/2024\/05\/B-Cure-Laser_Brand-Book_a.png\",\"width\":279,\"height\":117,\"caption\":\"Take control over pain\"},\"image\":{\"@id\":\"https:\/\/b-curelaser.eu\/de\/#\/schema\/logo\/image\/\"},\"sameAs\":[\"https:\/\/www.facebook.com\/profile.php?id=61562098760788\"]}]}<\/script>\n<!-- \/ Yoast SEO plugin. -->","yoast_head_json":{"title":"Haftungsausschluss - Take control over pain","robots":{"index":"index","follow":"follow","max-snippet":"max-snippet:-1","max-image-preview":"max-image-preview:large","max-video-preview":"max-video-preview:-1"},"canonical":"https:\/\/b-curelaser.eu\/de\/haftungsausschluss\/","og_locale":"de_DE","og_type":"article","og_title":"Haftungsausschluss - Take control over pain","og_description":"Haftungsausschluss Das B-Cure Laserger\u00e4t ist f\u00fcr die Verwendung als therapeutisches Hilfsmittel zur Schmerzlinderung und zur F\u00f6rderung der Heilung bestimmt. Es ist kein Ersatz f\u00fcr eine professionelle medizinische Beratung, Diagnose oder Behandlung. Sie sollten vor Beginn einer neuen Behandlung einen Arzt konsultieren, insbesondere, wenn Sie bereits an einer Krankheit leiden oder Bedenken haben. Die Ergebnisse k\u00f6nnen&hellip;","og_url":"https:\/\/b-curelaser.eu\/de\/haftungsausschluss\/","og_site_name":"Take control over pain","article_publisher":"https:\/\/www.facebook.com\/profile.php?id=61562098760788","article_modified_time":"2024-11-20T10:26:17+00:00","schema":{"@context":"https:\/\/schema.org","@graph":[{"@type":"WebPage","@id":"https:\/\/b-curelaser.eu\/de\/haftungsausschluss\/","url":"https:\/\/b-curelaser.eu\/de\/haftungsausschluss\/","name":"Haftungsausschluss - Take control over pain","isPartOf":{"@id":"https:\/\/b-curelaser.eu\/de\/#website"},"datePublished":"2024-04-04T12:06:06+00:00","dateModified":"2024-11-20T10:26:17+00:00","breadcrumb":{"@id":"https:\/\/b-curelaser.eu\/de\/haftungsausschluss\/#breadcrumb"},"inLanguage":"de","potentialAction":[{"@type":"ReadAction","target":["https:\/\/b-curelaser.eu\/de\/haftungsausschluss\/"]}]},{"@type":"BreadcrumbList","@id":"https:\/\/b-curelaser.eu\/de\/haftungsausschluss\/#breadcrumb","itemListElement":[{"@type":"ListItem","position":1,"name":"Home","item":"https:\/\/b-curelaser.eu\/de\/"},{"@type":"ListItem","position":2,"name":"Haftungsausschluss"}]},{"@type":"WebSite","@id":"https:\/\/b-curelaser.eu\/de\/#website","url":"https:\/\/b-curelaser.eu\/de\/","name":"B-Cure","description":"Neem controle over de pijn","publisher":{"@id":"https:\/\/b-curelaser.eu\/de\/#organization"},"potentialAction":[{"@type":"SearchAction","target":{"@type":"EntryPoint","urlTemplate":"https:\/\/b-curelaser.eu\/de\/?s={search_term_string}"},"query-input":{"@type":"PropertyValueSpecification","valueRequired":true,"valueName":"search_term_string"}}],"inLanguage":"de"},{"@type":"Organization","@id":"https:\/\/b-curelaser.eu\/de\/#organization","name":"Take control over pain","url":"https:\/\/b-curelaser.eu\/de\/","logo":{"@type":"ImageObject","inLanguage":"de","@id":"https:\/\/b-curelaser.eu\/de\/#\/schema\/logo\/image\/","url":"https:\/\/b-curelaser.eu\/wp-content\/uploads\/2024\/05\/B-Cure-Laser_Brand-Book_a.png","contentUrl":"https:\/\/b-curelaser.eu\/wp-content\/uploads\/2024\/05\/B-Cure-Laser_Brand-Book_a.png","width":279,"height":117,"caption":"Take control over pain"},"image":{"@id":"https:\/\/b-curelaser.eu\/de\/#\/schema\/logo\/image\/"},"sameAs":["https:\/\/www.facebook.com\/profile.php?id=61562098760788"]}]}},"_links":{"self":[{"href":"https:\/\/b-curelaser.eu\/de\/wp-json\/wp\/v2\/pages\/3658","targetHints":{"allow":["GET"]}}],"collection":[{"href":"https:\/\/b-curelaser.eu\/de\/wp-json\/wp\/v2\/pages"}],"about":[{"href":"https:\/\/b-curelaser.eu\/de\/wp-json\/wp\/v2\/types\/page"}],"author":[{"embeddable":true,"href":"https:\/\/b-curelaser.eu\/de\/wp-json\/wp\/v2\/users\/4"}],"replies":[{"embeddable":true,"href":"https:\/\/b-curelaser.eu\/de\/wp-json\/wp\/v2\/comments?post=3658"}],"version-history":[{"count":4,"href":"https:\/\/b-curelaser.eu\/de\/wp-json\/wp\/v2\/pages\/3658\/revisions"}],"predecessor-version":[{"id":4063,"href":"https:\/\/b-curelaser.eu\/de\/wp-json\/wp\/v2\/pages\/3658\/revisions\/4063"}],"wp:attachment":[{"href":"https:\/\/b-curelaser.eu\/de\/wp-json\/wp\/v2\/media?parent=3658"}],"curies":[{"name":"wp","href":"https:\/\/api.w.org\/{rel}","templated":true}]}}