{"id":4431,"date":"2024-09-10T09:59:07","date_gmt":"2024-09-10T09:59:07","guid":{"rendered":"https:\/\/b-curelaser.eu\/fotobiomodulatie\/"},"modified":"2025-03-26T14:37:55","modified_gmt":"2025-03-26T14:37:55","slug":"photobiomodulation","status":"publish","type":"page","link":"https:\/\/b-curelaser.eu\/de\/photobiomodulation\/","title":{"rendered":"Photobiomodulation"},"content":{"rendered":"\t\t<div data-elementor-type=\"wp-page\" data-elementor-id=\"4431\" class=\"elementor elementor-4431 elementor-3334\" data-elementor-post-type=\"page\">\n\t\t\t\t<div class=\"elementor-element elementor-element-5ea7c24 e-flex e-con-boxed e-con e-parent\" data-id=\"5ea7c24\" data-element_type=\"container\" data-settings=\"{&quot;background_background&quot;:&quot;classic&quot;}\">\n\t\t\t\t\t<div class=\"e-con-inner\">\n\t\t\t\t<div class=\"elementor-element elementor-element-2aaa640 elementor-widget elementor-widget-heading\" data-id=\"2aaa640\" data-element_type=\"widget\" data-widget_type=\"heading.default\">\n\t\t\t\t<div class=\"elementor-widget-container\">\n\t\t\t\t\t<h2 class=\"elementor-heading-title elementor-size-default\">Was ist Photobiomodulation?<\/h2>\t\t\t\t<\/div>\n\t\t\t\t<\/div>\n\t\t\t\t<div class=\"elementor-element elementor-element-4df7351 elementor-widget elementor-widget-text-editor\" data-id=\"4df7351\" data-element_type=\"widget\" data-widget_type=\"text-editor.default\">\n\t\t\t\t<div class=\"elementor-widget-container\">\n\t\t\t\t\t\t\t\t\t<p>Photobiomodulation oder auf Englisch Photo Bio Modulation (PBM), auch bekannt als Low-Level-Lasertherapie (<a href=\"https:\/\/b-curelaser.eu\/de\/was-ist-lllt\/\">LLLT<\/a>), ist ein medizinisches Verfahren, bei dem energiearmes Licht eingesetzt wird, um biologische Prozesse in Zellen und Geweben zu beeinflussen und zu verbessern.<br \/>Ziel der Photobiomodulation ist es, die Zellaktivit\u00e4t anzuregen, Entz\u00fcndungen zu verringern, die Gewebereparatur zu f\u00f6rdern und Schmerzen zu lindern, ohne das Gewebe zu besch\u00e4digen oder zu erhitzen.<br \/>Der nat\u00fcrliche Reparaturprozess wird somit beschleunigt.<\/p>\t\t\t\t\t\t\t\t<\/div>\n\t\t\t\t<\/div>\n\t\t\t\t\t<\/div>\n\t\t\t\t<\/div>\n\t\t<div class=\"elementor-element elementor-element-607e2a9 e-flex e-con-boxed e-con e-parent\" data-id=\"607e2a9\" data-element_type=\"container\">\n\t\t\t\t\t<div class=\"e-con-inner\">\n\t\t<div class=\"elementor-element elementor-element-e32eb42 e-con-full e-flex e-con e-child\" data-id=\"e32eb42\" data-element_type=\"container\">\n\t\t\t\t<div class=\"elementor-element elementor-element-704927e elementor-widget elementor-widget-text-editor\" data-id=\"704927e\" data-element_type=\"widget\" data-widget_type=\"text-editor.default\">\n\t\t\t\t<div class=\"elementor-widget-container\">\n\t\t\t\t\t\t\t\t\t<p><strong>Wie funktioniert die Photobiomodulation?<\/strong><\/p><p>Lichtabsorption durch Zellen:<br \/>Bei der PBM werden bestimmte Wellenl\u00e4ngen des Lichts, in der Regel rotes (600-700 nM) und nahinfrarotes Licht (700-1200 nM), auf die zu behandelnden Bereiche fokussiert.<br \/>Im Falle des B-Cure-Lasers handelt es sich um Infrarotlicht mit einer Frequenz von 808 nM. Dieses Licht wird von einer Festk\u00f6rperlaserdiode erzeugt.<br \/>Diese Diode erzeugt einen koh\u00e4renten Lichtstrahl, der die Haut durchdringen kann.<\/p><p>Die Lichtenergie wird von den Mitochondrien der Zellen absorbiert, wodurch die Energieproduktion (in Form von ATP) in den Zellen erh\u00f6ht wird.<\/p><p>\u00a0<\/p>\t\t\t\t\t\t\t\t<\/div>\n\t\t\t\t<\/div>\n\t\t\t\t<div class=\"elementor-element elementor-element-996564f elementor-widget elementor-widget-image\" data-id=\"996564f\" data-element_type=\"widget\" data-widget_type=\"image.default\">\n\t\t\t\t<div class=\"elementor-widget-container\">\n\t\t\t\t\t\t\t\t\t\t\t\t\t\t\t<img fetchpriority=\"high\" decoding=\"async\" width=\"1024\" height=\"488\" src=\"https:\/\/b-curelaser.eu\/wp-content\/uploads\/2024\/09\/Nvt8r4T8TTjKiSps-1024x488.png\" class=\"attachment-large size-large wp-image-3409\" alt=\"\" srcset=\"https:\/\/b-curelaser.eu\/wp-content\/uploads\/2024\/09\/Nvt8r4T8TTjKiSps-1024x488.png 1024w, https:\/\/b-curelaser.eu\/wp-content\/uploads\/2024\/09\/Nvt8r4T8TTjKiSps-300x143.png 300w, https:\/\/b-curelaser.eu\/wp-content\/uploads\/2024\/09\/Nvt8r4T8TTjKiSps-768x366.png 768w, https:\/\/b-curelaser.eu\/wp-content\/uploads\/2024\/09\/Nvt8r4T8TTjKiSps-600x286.png 600w, https:\/\/b-curelaser.eu\/wp-content\/uploads\/2024\/09\/Nvt8r4T8TTjKiSps.png 1176w\" sizes=\"(max-width: 1024px) 100vw, 1024px\" \/>\t\t\t\t\t\t\t\t\t\t\t\t\t\t\t<\/div>\n\t\t\t\t<\/div>\n\t\t\t\t<\/div>\n\t\t<div class=\"elementor-element elementor-element-d1769a8 e-con-full e-flex e-con e-child\" data-id=\"d1769a8\" data-element_type=\"container\">\n\t\t\t\t<div class=\"elementor-element elementor-element-3a22e8c elementor-widget elementor-widget-image\" data-id=\"3a22e8c\" data-element_type=\"widget\" data-widget_type=\"image.default\">\n\t\t\t\t<div class=\"elementor-widget-container\">\n\t\t\t\t\t\t\t\t\t\t\t\t\t\t\t<img decoding=\"async\" width=\"1024\" height=\"819\" src=\"https:\/\/b-curelaser.eu\/wp-content\/uploads\/2024\/10\/huid-afbeelding-1024x819.png\" class=\"attachment-large size-large wp-image-3531\" alt=\"\" srcset=\"https:\/\/b-curelaser.eu\/wp-content\/uploads\/2024\/10\/huid-afbeelding-1024x819.png 1024w, https:\/\/b-curelaser.eu\/wp-content\/uploads\/2024\/10\/huid-afbeelding-300x240.png 300w, https:\/\/b-curelaser.eu\/wp-content\/uploads\/2024\/10\/huid-afbeelding-768x614.png 768w, https:\/\/b-curelaser.eu\/wp-content\/uploads\/2024\/10\/huid-afbeelding-600x480.png 600w, https:\/\/b-curelaser.eu\/wp-content\/uploads\/2024\/10\/huid-afbeelding.png 1500w\" sizes=\"(max-width: 1024px) 100vw, 1024px\" \/>\t\t\t\t\t\t\t\t\t\t\t\t\t\t\t<\/div>\n\t\t\t\t<\/div>\n\t\t\t\t<div class=\"elementor-element elementor-element-33b81f5 elementor-widget elementor-widget-text-editor\" data-id=\"33b81f5\" data-element_type=\"widget\" data-widget_type=\"text-editor.default\">\n\t\t\t\t<div class=\"elementor-widget-container\">\n\t\t\t\t\t\t\t\t\t<p>Biologische Reaktionen:<br \/>Die erh\u00f6hte ATP-Produktion (Adenosintriphosphat) regt verschiedene zellul\u00e4re Prozesse an, z. B. die Proteinproduktion, die Zellproliferation (Vermehrung der Zellen) und die Verringerung des oxidativen Stresses.<br \/>Dies tr\u00e4gt dazu bei, die Heilung zu f\u00f6rdern und Entz\u00fcndungen und Schmerzen zu verringern.<br \/>F\u00fcr eine wissenschaftliche Erkl\u00e4rung, siehe <a href=\"https:\/\/pmc.ncbi.nlm.nih.gov\/articles\/PMC5523874\/\">PubMed<\/a>.<\/p>\t\t\t\t\t\t\t\t<\/div>\n\t\t\t\t<\/div>\n\t\t\t\t<\/div>\n\t\t\t\t\t<\/div>\n\t\t\t\t<\/div>\n\t\t<div class=\"elementor-element elementor-element-92b9935 e-flex e-con-boxed e-con e-parent\" data-id=\"92b9935\" data-element_type=\"container\" data-settings=\"{&quot;background_background&quot;:&quot;classic&quot;}\">\n\t\t\t\t\t<div class=\"e-con-inner\">\n\t\t<div class=\"elementor-element elementor-element-f7cc432 e-con-full e-flex e-con e-child\" data-id=\"f7cc432\" data-element_type=\"container\">\n\t\t\t\t<div class=\"elementor-element elementor-element-61567c0 elementor-widget elementor-widget-text-editor\" data-id=\"61567c0\" data-element_type=\"widget\" data-widget_type=\"text-editor.default\">\n\t\t\t\t<div class=\"elementor-widget-container\">\n\t\t\t\t\t\t\t\t\t<p><strong>Anwendungen der Photobiomodulation (PBM)<\/strong><\/p><ul><li>Schmerzlinderung: PBM wird h\u00e4ufig zur Schmerzlinderung eingesetzt, indem entz\u00fcndliche Prozesse gehemmt und die Endorphinproduktion angeregt wird.<\/li><li>Entz\u00fcndungshemmung: PBM kann die Entz\u00fcndungswerte senken, was bei Erkrankungen wie Arthritis und Sportverletzungen n\u00fctzlich ist.<\/li><li>Wundheilung: PBM kann die Wundheilung beschleunigen, indem die Zellregeneration und die Gewebereparatur gef\u00f6rdert werden.<\/li><li>Im Wesentlichen ist die Photobiomodulation eine sichere und nicht-invasive Therapie, die den K\u00f6rper mit Licht bei der Heilung und Reparatur unterst\u00fctzt.<\/li><li>Unten sehen Sie W\u00e4rmebilder der H\u00e4nde unmittelbar nach und 10 Minuten nach Abschluss einer 5-min\u00fctigen Anwendung mit dem B-Cure-Laser an der Arteria radialis (Au\u00dfenseite des Handgelenks).<\/li><\/ul>\t\t\t\t\t\t\t\t<\/div>\n\t\t\t\t<\/div>\n\t\t\t\t<div class=\"elementor-element elementor-element-dd44952 elementor-widget elementor-widget-image\" data-id=\"dd44952\" data-element_type=\"widget\" data-widget_type=\"image.default\">\n\t\t\t\t<div class=\"elementor-widget-container\">\n\t\t\t\t\t\t\t\t\t\t\t\t\t\t\t<img decoding=\"async\" width=\"966\" height=\"335\" src=\"https:\/\/b-curelaser.eu\/wp-content\/uploads\/2024\/09\/a7pgOLMxI0txGlB4.png\" class=\"attachment-large size-large wp-image-3421\" alt=\"\" srcset=\"https:\/\/b-curelaser.eu\/wp-content\/uploads\/2024\/09\/a7pgOLMxI0txGlB4.png 966w, https:\/\/b-curelaser.eu\/wp-content\/uploads\/2024\/09\/a7pgOLMxI0txGlB4-300x104.png 300w, https:\/\/b-curelaser.eu\/wp-content\/uploads\/2024\/09\/a7pgOLMxI0txGlB4-768x266.png 768w, https:\/\/b-curelaser.eu\/wp-content\/uploads\/2024\/09\/a7pgOLMxI0txGlB4-600x208.png 600w\" sizes=\"(max-width: 966px) 100vw, 966px\" \/>\t\t\t\t\t\t\t\t\t\t\t\t\t\t\t<\/div>\n\t\t\t\t<\/div>\n\t\t\t\t<div class=\"elementor-element elementor-element-d9111b1 elementor-widget elementor-widget-text-editor\" data-id=\"d9111b1\" data-element_type=\"widget\" data-widget_type=\"text-editor.default\">\n\t\t\t\t<div class=\"elementor-widget-container\">\n\t\t\t\t\t\t\t\t\t<p>Man beachte, dass der Anstieg der Hauttemperatur auch nach Beendigung der PSA weiter anstieg, was auf das Potenzial zur Verbesserung der Gewebeperfusion* hinweist.<\/p><p>Im Gegensatz dazu ist laut Literatur eine Erh\u00f6hung der Hauttemperatur eine Erh\u00f6hung der Hauttemperatur aufgrund von Erw\u00e4rmung (z. B. mit einer hei\u00dfen Kanne) nicht l\u00e4nger als ein paar Minuten nach dem Entfernen der W\u00e4rmequelle.<\/p>\t\t\t\t\t\t\t\t<\/div>\n\t\t\t\t<\/div>\n\t\t\t\t<\/div>\n\t\t\t\t\t<\/div>\n\t\t\t\t<\/div>\n\t\t<div class=\"elementor-element elementor-element-2f35f25 e-flex e-con-boxed e-con e-parent\" data-id=\"2f35f25\" data-element_type=\"container\">\n\t\t\t\t\t<div class=\"e-con-inner\">\n\t\t<div class=\"elementor-element elementor-element-6146c93 e-flex e-con-boxed e-con e-child\" data-id=\"6146c93\" data-element_type=\"container\">\n\t\t\t\t\t<div class=\"e-con-inner\">\n\t\t\t\t<div class=\"elementor-element elementor-element-5094b7c elementor-widget elementor-widget-text-editor\" data-id=\"5094b7c\" data-element_type=\"widget\" data-widget_type=\"text-editor.default\">\n\t\t\t\t<div class=\"elementor-widget-container\">\n\t\t\t\t\t\t\t\t\t<p><strong>Die Geschichte der Photobiomodulation<\/strong><\/p><p>Dem ungarischen Arzt und Chirurgen Endre Mester (1903-1984) wird die Entdeckung der biologischen Wirkung von Lasern mit geringer Leistung zugeschrieben, einige Jahre nach der Erfindung des Rubinlasers im Jahr 1960 und der Erfindung des Helium-Neon-Lasers (HeNe) im Jahr 1961.<\/p><p>Mester entdeckte zuf\u00e4llig, dass Rubinlaserlicht mit geringer Leistung Haare nachwachsen lassen kann, als er versuchte, ein Experiment zu wiederholen, das gezeigt hatte, dass solche Laser Tumore bei M\u00e4usen reduzieren k\u00f6nnen.<br \/>Der von ihm verwendete Laser war fehlerhaft und nicht so leistungsstark, wie er dachte. Er hatte keine Wirkung auf die Tumore, aber er stellte fest, dass die Haare an den Stellen, an denen er die M\u00e4use f\u00fcr die Experimente rasiert hatte, bei den behandelten M\u00e4usen schneller nachwuchsen als bei den M\u00e4usen der Kontrollgruppe.<\/p><p>Dann zeigte er, dass schwaches HeNe-Licht die Wundheilung bei M\u00e4usen beschleunigen kann.<\/p><p>In den 1970er Jahren wandte er schwaches Laserlicht zur Behandlung von Menschen mit Hautgeschw\u00fcren an.<\/p><p>Im Jahr 1974 gr\u00fcndete er das Laserforschungszentrum an der Semmelweis Medical University in Budapest.<\/p><p>Urspr\u00fcnglich nannte Mester diesen Ansatz \u201eLaser-Biostimulation\u201c, aber bald wurde er als \u201eLow-Level-Lasertherapie\u201c bekannt, und mit der Anpassung von Leuchtdioden durch diejenigen, die diesen Ansatz untersuchten, wurde er als \u201eLow-Level-Lichttherapie\u201c bekannt, und um die Verwirrung um die genaue Bedeutung von \u201eLow-Level\u201c zu kl\u00e4ren, entstand der Begriff \u201ePhotobiomodulation\u201c.<\/p><p>Ab 1992 wurden seine Forschungsergebnisse einer breiteren wissenschaftlichen Gemeinschaft zug\u00e4nglich gemacht, und seither wurde die PBM-Therapie sehr viel eingehender untersucht. Inzwischen gibt es Hunderte von randomisierten kontrollierten Studien (RCTs), Tausende von Artikeln, die in angesehenen Fachzeitschriften ver\u00f6ffentlicht wurden, und Hunderte von Forschungsberichten.<\/p><p>Vieles davon wurde ver\u00f6ffentlicht auf <a href=\"https:\/\/pubmed.ncbi.nlm.nih.gov\/?term=%28%28%28%28pbm+therapy%29+OR+%28photobiomodulation%29%29+OR+%28cox%29%29+OR+%28light%29%29+OR+%28low+level+laser%29\">PubMed Central<sup>\u00ae<\/sup><\/a> .\u00a0<\/p><p>Es wurden auch Studien mit dem B-Cure-Laser durchgef\u00fchrt, den Sie <a href=\"https:\/\/b-curelaser.eu\/de\/klinische-studien\/\">hier<\/a> finden.<\/p>\t\t\t\t\t\t\t\t<\/div>\n\t\t\t\t<\/div>\n\t\t\t\t\t<\/div>\n\t\t\t\t<\/div>\n\t\t\t\t<div class=\"elementor-element elementor-element-c7a0ad1 elementor-widget elementor-widget-text-editor\" data-id=\"c7a0ad1\" data-element_type=\"widget\" data-widget_type=\"text-editor.default\">\n\t\t\t\t<div class=\"elementor-widget-container\">\n\t\t\t\t\t\t\t\t\t<p><strong>Fu\u00dfnoten und Quellen:<\/strong><\/p><ul><li>Wissenschaftliche Erkl\u00e4rung der Photobiomodulation: Hamblin MR. Mechanisms and applications of the anti-inflammatory effects of photobiomodulation. AIMS Biophys. 2017;4(3):337-361. doi: 10.3934\/biophy.2017.3.337. Epub 2017 May 19. PMID: 28748217; PMCID: PMC5523874. <a href=\"https:\/\/pmc.ncbi.nlm.nih.gov\/articles\/PMC5523874\/\">https:\/\/pmc.ncbi.nlm.nih.gov\/articles\/PMC5523874\/<\/a><\/li><li>Geschichte Low Level laser therapy: <a href=\"https:\/\/en.wikipedia.org\/wiki\/Low-level_laser_therapy\">https:\/\/en.wikipedia.org\/wiki\/Low-level_laser_therapy<\/a><\/li><li>Es wurde festgestellt, dass die Hauttemperatur stark mit dem mikrovaskul\u00e4ren Blutfluss korreliert &#8211; <a href=\"https:\/\/onlinelibrary.wiley.com\/doi\/abs\/10.1002\/lsm.23225\">Gavish<\/a><a href=\"https:\/\/onlinelibrary.wiley.com\/doi\/abs\/10.1002\/lsm.23225\"> et al. Lasers in <\/a><a href=\"https:\/\/onlinelibrary.wiley.com\/doi\/abs\/10.1002\/lsm.23225\">Surgery<\/a> <a href=\"https:\/\/onlinelibrary.wiley.com\/doi\/abs\/10.1002\/lsm.23225\">and<\/a> <a href=\"https:\/\/onlinelibrary.wiley.com\/doi\/abs\/10.1002\/lsm.23225\">Medicine<\/a>, 2020.<\/li><\/ul><div>\u00a0<\/div><div>\u00a0<\/div>\t\t\t\t\t\t\t\t<\/div>\n\t\t\t\t<\/div>\n\t\t\t\t\t<\/div>\n\t\t\t\t<\/div>\n\t\t\t\t<\/div>\n\t\t","protected":false},"excerpt":{"rendered":"<p>Was ist Photobiomodulation? Photobiomodulation oder auf Englisch Photo Bio Modulation (PBM), auch bekannt als Low-Level-Lasertherapie (LLLT), ist ein medizinisches Verfahren, bei dem energiearmes Licht eingesetzt wird, um biologische Prozesse in Zellen und Geweben zu beeinflussen und zu verbessern.Ziel der Photobiomodulation ist es, die Zellaktivit\u00e4t anzuregen, Entz\u00fcndungen zu verringern, die Gewebereparatur zu f\u00f6rdern und Schmerzen zu&hellip;<\/p>\n","protected":false},"author":2,"featured_media":0,"parent":0,"menu_order":0,"comment_status":"closed","ping_status":"closed","template":"","meta":{"footnotes":""},"class_list":["post-4431","page","type-page","status-publish","hentry"],"yoast_head":"<!-- This site is optimized with the Yoast SEO plugin v26.6 - https:\/\/yoast.com\/wordpress\/plugins\/seo\/ -->\n<title>Photobiomodulation - Take control over pain<\/title>\n<meta name=\"description\" content=\"Die Photobiomodulation ist eine Technik, bei der Laserlicht mit geringer Intensit\u00e4t eingesetzt wird, um den nat\u00fcrlichen Reparaturprozess der Zellen zu beschleunigen.\" \/>\n<meta name=\"robots\" content=\"index, follow, max-snippet:-1, max-image-preview:large, max-video-preview:-1\" \/>\n<link rel=\"canonical\" href=\"https:\/\/b-curelaser.eu\/de\/photobiomodulation\/\" \/>\n<meta property=\"og:locale\" content=\"de_DE\" \/>\n<meta property=\"og:type\" content=\"article\" \/>\n<meta property=\"og:title\" content=\"Photobiomodulation - Take control over pain\" \/>\n<meta property=\"og:description\" content=\"Die Photobiomodulation ist eine Technik, bei der Laserlicht mit geringer Intensit\u00e4t eingesetzt wird, um den nat\u00fcrlichen Reparaturprozess der Zellen zu beschleunigen.\" \/>\n<meta property=\"og:url\" content=\"https:\/\/b-curelaser.eu\/de\/photobiomodulation\/\" \/>\n<meta property=\"og:site_name\" content=\"Take control over pain\" \/>\n<meta property=\"article:publisher\" content=\"https:\/\/www.facebook.com\/profile.php?id=61562098760788\" \/>\n<meta property=\"article:modified_time\" content=\"2025-03-26T14:37:55+00:00\" \/>\n<meta property=\"og:image\" content=\"https:\/\/b-curelaser.eu\/wp-content\/uploads\/2024\/09\/Nvt8r4T8TTjKiSps-1024x488.png\" \/>\n<script type=\"application\/ld+json\" class=\"yoast-schema-graph\">{\"@context\":\"https:\/\/schema.org\",\"@graph\":[{\"@type\":\"WebPage\",\"@id\":\"https:\/\/b-curelaser.eu\/de\/photobiomodulation\/\",\"url\":\"https:\/\/b-curelaser.eu\/de\/photobiomodulation\/\",\"name\":\"Photobiomodulation - Take control over pain\",\"isPartOf\":{\"@id\":\"https:\/\/b-curelaser.eu\/de\/#website\"},\"primaryImageOfPage\":{\"@id\":\"https:\/\/b-curelaser.eu\/de\/photobiomodulation\/#primaryimage\"},\"image\":{\"@id\":\"https:\/\/b-curelaser.eu\/de\/photobiomodulation\/#primaryimage\"},\"thumbnailUrl\":\"https:\/\/b-curelaser.eu\/wp-content\/uploads\/2024\/09\/Nvt8r4T8TTjKiSps-1024x488.png\",\"datePublished\":\"2024-09-10T09:59:07+00:00\",\"dateModified\":\"2025-03-26T14:37:55+00:00\",\"description\":\"Die Photobiomodulation ist eine Technik, bei der Laserlicht mit geringer Intensit\u00e4t eingesetzt wird, um den nat\u00fcrlichen Reparaturprozess der Zellen zu beschleunigen.\",\"breadcrumb\":{\"@id\":\"https:\/\/b-curelaser.eu\/de\/photobiomodulation\/#breadcrumb\"},\"inLanguage\":\"de\",\"potentialAction\":[{\"@type\":\"ReadAction\",\"target\":[\"https:\/\/b-curelaser.eu\/de\/photobiomodulation\/\"]}]},{\"@type\":\"ImageObject\",\"inLanguage\":\"de\",\"@id\":\"https:\/\/b-curelaser.eu\/de\/photobiomodulation\/#primaryimage\",\"url\":\"https:\/\/b-curelaser.eu\/wp-content\/uploads\/2024\/09\/Nvt8r4T8TTjKiSps-1024x488.png\",\"contentUrl\":\"https:\/\/b-curelaser.eu\/wp-content\/uploads\/2024\/09\/Nvt8r4T8TTjKiSps-1024x488.png\"},{\"@type\":\"BreadcrumbList\",\"@id\":\"https:\/\/b-curelaser.eu\/de\/photobiomodulation\/#breadcrumb\",\"itemListElement\":[{\"@type\":\"ListItem\",\"position\":1,\"name\":\"Home\",\"item\":\"https:\/\/b-curelaser.eu\/de\/\"},{\"@type\":\"ListItem\",\"position\":2,\"name\":\"Photobiomodulation\"}]},{\"@type\":\"WebSite\",\"@id\":\"https:\/\/b-curelaser.eu\/de\/#website\",\"url\":\"https:\/\/b-curelaser.eu\/de\/\",\"name\":\"B-Cure\",\"description\":\"Neem controle over de pijn\",\"publisher\":{\"@id\":\"https:\/\/b-curelaser.eu\/de\/#organization\"},\"potentialAction\":[{\"@type\":\"SearchAction\",\"target\":{\"@type\":\"EntryPoint\",\"urlTemplate\":\"https:\/\/b-curelaser.eu\/de\/?s={search_term_string}\"},\"query-input\":{\"@type\":\"PropertyValueSpecification\",\"valueRequired\":true,\"valueName\":\"search_term_string\"}}],\"inLanguage\":\"de\"},{\"@type\":\"Organization\",\"@id\":\"https:\/\/b-curelaser.eu\/de\/#organization\",\"name\":\"Take control over pain\",\"url\":\"https:\/\/b-curelaser.eu\/de\/\",\"logo\":{\"@type\":\"ImageObject\",\"inLanguage\":\"de\",\"@id\":\"https:\/\/b-curelaser.eu\/de\/#\/schema\/logo\/image\/\",\"url\":\"https:\/\/b-curelaser.eu\/wp-content\/uploads\/2024\/05\/B-Cure-Laser_Brand-Book_a.png\",\"contentUrl\":\"https:\/\/b-curelaser.eu\/wp-content\/uploads\/2024\/05\/B-Cure-Laser_Brand-Book_a.png\",\"width\":279,\"height\":117,\"caption\":\"Take control over pain\"},\"image\":{\"@id\":\"https:\/\/b-curelaser.eu\/de\/#\/schema\/logo\/image\/\"},\"sameAs\":[\"https:\/\/www.facebook.com\/profile.php?id=61562098760788\"]}]}<\/script>\n<!-- \/ Yoast SEO plugin. -->","yoast_head_json":{"title":"Photobiomodulation - Take control over pain","description":"Die Photobiomodulation ist eine Technik, bei der Laserlicht mit geringer Intensit\u00e4t eingesetzt wird, um den nat\u00fcrlichen Reparaturprozess der Zellen zu beschleunigen.","robots":{"index":"index","follow":"follow","max-snippet":"max-snippet:-1","max-image-preview":"max-image-preview:large","max-video-preview":"max-video-preview:-1"},"canonical":"https:\/\/b-curelaser.eu\/de\/photobiomodulation\/","og_locale":"de_DE","og_type":"article","og_title":"Photobiomodulation - Take control over pain","og_description":"Die Photobiomodulation ist eine Technik, bei der Laserlicht mit geringer Intensit\u00e4t eingesetzt wird, um den nat\u00fcrlichen Reparaturprozess der Zellen zu beschleunigen.","og_url":"https:\/\/b-curelaser.eu\/de\/photobiomodulation\/","og_site_name":"Take control over pain","article_publisher":"https:\/\/www.facebook.com\/profile.php?id=61562098760788","article_modified_time":"2025-03-26T14:37:55+00:00","og_image":[{"url":"https:\/\/b-curelaser.eu\/wp-content\/uploads\/2024\/09\/Nvt8r4T8TTjKiSps-1024x488.png","type":"","width":"","height":""}],"schema":{"@context":"https:\/\/schema.org","@graph":[{"@type":"WebPage","@id":"https:\/\/b-curelaser.eu\/de\/photobiomodulation\/","url":"https:\/\/b-curelaser.eu\/de\/photobiomodulation\/","name":"Photobiomodulation - Take control over pain","isPartOf":{"@id":"https:\/\/b-curelaser.eu\/de\/#website"},"primaryImageOfPage":{"@id":"https:\/\/b-curelaser.eu\/de\/photobiomodulation\/#primaryimage"},"image":{"@id":"https:\/\/b-curelaser.eu\/de\/photobiomodulation\/#primaryimage"},"thumbnailUrl":"https:\/\/b-curelaser.eu\/wp-content\/uploads\/2024\/09\/Nvt8r4T8TTjKiSps-1024x488.png","datePublished":"2024-09-10T09:59:07+00:00","dateModified":"2025-03-26T14:37:55+00:00","description":"Die Photobiomodulation ist eine Technik, bei der Laserlicht mit geringer Intensit\u00e4t eingesetzt wird, um den nat\u00fcrlichen Reparaturprozess der Zellen zu beschleunigen.","breadcrumb":{"@id":"https:\/\/b-curelaser.eu\/de\/photobiomodulation\/#breadcrumb"},"inLanguage":"de","potentialAction":[{"@type":"ReadAction","target":["https:\/\/b-curelaser.eu\/de\/photobiomodulation\/"]}]},{"@type":"ImageObject","inLanguage":"de","@id":"https:\/\/b-curelaser.eu\/de\/photobiomodulation\/#primaryimage","url":"https:\/\/b-curelaser.eu\/wp-content\/uploads\/2024\/09\/Nvt8r4T8TTjKiSps-1024x488.png","contentUrl":"https:\/\/b-curelaser.eu\/wp-content\/uploads\/2024\/09\/Nvt8r4T8TTjKiSps-1024x488.png"},{"@type":"BreadcrumbList","@id":"https:\/\/b-curelaser.eu\/de\/photobiomodulation\/#breadcrumb","itemListElement":[{"@type":"ListItem","position":1,"name":"Home","item":"https:\/\/b-curelaser.eu\/de\/"},{"@type":"ListItem","position":2,"name":"Photobiomodulation"}]},{"@type":"WebSite","@id":"https:\/\/b-curelaser.eu\/de\/#website","url":"https:\/\/b-curelaser.eu\/de\/","name":"B-Cure","description":"Neem controle over de pijn","publisher":{"@id":"https:\/\/b-curelaser.eu\/de\/#organization"},"potentialAction":[{"@type":"SearchAction","target":{"@type":"EntryPoint","urlTemplate":"https:\/\/b-curelaser.eu\/de\/?s={search_term_string}"},"query-input":{"@type":"PropertyValueSpecification","valueRequired":true,"valueName":"search_term_string"}}],"inLanguage":"de"},{"@type":"Organization","@id":"https:\/\/b-curelaser.eu\/de\/#organization","name":"Take control over pain","url":"https:\/\/b-curelaser.eu\/de\/","logo":{"@type":"ImageObject","inLanguage":"de","@id":"https:\/\/b-curelaser.eu\/de\/#\/schema\/logo\/image\/","url":"https:\/\/b-curelaser.eu\/wp-content\/uploads\/2024\/05\/B-Cure-Laser_Brand-Book_a.png","contentUrl":"https:\/\/b-curelaser.eu\/wp-content\/uploads\/2024\/05\/B-Cure-Laser_Brand-Book_a.png","width":279,"height":117,"caption":"Take control over pain"},"image":{"@id":"https:\/\/b-curelaser.eu\/de\/#\/schema\/logo\/image\/"},"sameAs":["https:\/\/www.facebook.com\/profile.php?id=61562098760788"]}]}},"_links":{"self":[{"href":"https:\/\/b-curelaser.eu\/de\/wp-json\/wp\/v2\/pages\/4431","targetHints":{"allow":["GET"]}}],"collection":[{"href":"https:\/\/b-curelaser.eu\/de\/wp-json\/wp\/v2\/pages"}],"about":[{"href":"https:\/\/b-curelaser.eu\/de\/wp-json\/wp\/v2\/types\/page"}],"author":[{"embeddable":true,"href":"https:\/\/b-curelaser.eu\/de\/wp-json\/wp\/v2\/users\/2"}],"replies":[{"embeddable":true,"href":"https:\/\/b-curelaser.eu\/de\/wp-json\/wp\/v2\/comments?post=4431"}],"version-history":[{"count":12,"href":"https:\/\/b-curelaser.eu\/de\/wp-json\/wp\/v2\/pages\/4431\/revisions"}],"predecessor-version":[{"id":4482,"href":"https:\/\/b-curelaser.eu\/de\/wp-json\/wp\/v2\/pages\/4431\/revisions\/4482"}],"wp:attachment":[{"href":"https:\/\/b-curelaser.eu\/de\/wp-json\/wp\/v2\/media?parent=4431"}],"curies":[{"name":"wp","href":"https:\/\/api.w.org\/{rel}","templated":true}]}}