{"id":2464,"date":"2024-04-09T11:40:26","date_gmt":"2024-04-09T11:40:26","guid":{"rendered":"https:\/\/b-curelaser.eu\/product\/standard-fuer-b-cure-lasergeraet\/"},"modified":"2026-03-26T14:01:14","modified_gmt":"2026-03-26T14:01:14","slug":"standard-fuer-b-cure-lasergeraet","status":"publish","type":"product","link":"https:\/\/b-curelaser.eu\/de\/produkt\/standard-fuer-b-cure-lasergeraet\/","title":{"rendered":"Standard f\u00fcr B-cure Laserger\u00e4t"},"content":{"rendered":"","protected":false},"excerpt":{"rendered":"<p>Stehen Sie f\u00fcr eine unabh\u00e4ngige Schmerzbehandlung von B-Cure<br \/>\nVerstellbarer, flexibler St\u00e4nder f\u00fcr komfortable und effiziente Handhabung<\/p>\n","protected":false},"featured_media":1080,"comment_status":"open","ping_status":"closed","template":"","meta":[],"product_brand":[],"product_cat":[47],"product_tag":[],"class_list":{"0":"post-2464","1":"product","2":"type-product","3":"status-publish","4":"has-post-thumbnail","6":"product_cat-uncategorized-de","8":"first","9":"instock","10":"taxable","11":"shipping-taxable","12":"purchasable","13":"product-type-simple"},"supplier_id":2644,"supplier_sku":"BCL-Z001","barcode":"80147","atum_controlled":true,"out_stock_date":null,"out_stock_threshold":null,"inheritable":false,"inbound_stock":0,"stock_on_hold":1,"sold_today":0,"sales_last_days":0,"reserved_stock":0,"customer_returns":0,"warehouse_damage":0,"lost_in_post":0,"other_logs":0,"out_stock_days":0,"lost_sales":0,"has_location":false,"update_date":"2026-04-19T11:26:20","atum_locations":[],"atum_stock_status":"instock","restock_status":false,"low_stock_amount":"","sales_update_date":"2026-04-19T11:26:20","calc_backorders":0,"yoast_head":"<!-- This site is optimized with the Yoast SEO plugin v26.6 - https:\/\/yoast.com\/wordpress\/plugins\/seo\/ -->\n<title>Standard f\u00fcr B-cure Laserger\u00e4t - Take control over pain<\/title>\n<meta name=\"description\" content=\"Ein St\u00e4nder f\u00fcr die unabh\u00e4ngige Schmerzbehandlung mit B-Cure. Verstellbar, flexibler St\u00e4nder f\u00fcr komfortable und effiziente Anwendung.\" \/>\n<meta name=\"robots\" content=\"index, follow, max-snippet:-1, max-image-preview:large, max-video-preview:-1\" \/>\n<link rel=\"canonical\" href=\"https:\/\/b-curelaser.eu\/de\/produkt\/standard-fuer-b-cure-lasergeraet\/\" \/>\n<meta property=\"og:locale\" content=\"de_DE\" \/>\n<meta property=\"og:type\" content=\"article\" \/>\n<meta property=\"og:title\" content=\"Standard f\u00fcr B-cure Laserger\u00e4t - Take control over pain\" \/>\n<meta property=\"og:description\" content=\"Ein St\u00e4nder f\u00fcr die unabh\u00e4ngige Schmerzbehandlung mit B-Cure. Verstellbar, flexibler St\u00e4nder f\u00fcr komfortable und effiziente Anwendung.\" \/>\n<meta property=\"og:url\" content=\"https:\/\/b-curelaser.eu\/de\/produkt\/standard-fuer-b-cure-lasergeraet\/\" \/>\n<meta property=\"og:site_name\" content=\"Take control over pain\" \/>\n<meta property=\"article:publisher\" content=\"https:\/\/www.facebook.com\/profile.php?id=61562098760788\" \/>\n<meta property=\"article:modified_time\" content=\"2026-03-26T14:01:14+00:00\" \/>\n<meta property=\"og:image\" content=\"https:\/\/b-curelaser.eu\/wp-content\/uploads\/2024\/03\/b-cure-laser-pro-1-2-2.jpg\" \/>\n\t<meta property=\"og:image:width\" content=\"326\" \/>\n\t<meta property=\"og:image:height\" content=\"272\" \/>\n\t<meta property=\"og:image:type\" content=\"image\/jpeg\" \/>\n<script type=\"application\/ld+json\" class=\"yoast-schema-graph\">{\"@context\":\"https:\/\/schema.org\",\"@graph\":[{\"@type\":\"WebPage\",\"@id\":\"https:\/\/b-curelaser.eu\/de\/produkt\/standard-fuer-b-cure-lasergeraet\/\",\"url\":\"https:\/\/b-curelaser.eu\/de\/produkt\/standard-fuer-b-cure-lasergeraet\/\",\"name\":\"Standard f\u00fcr B-cure Laserger\u00e4t - Take control over pain\",\"isPartOf\":{\"@id\":\"https:\/\/b-curelaser.eu\/de\/#website\"},\"primaryImageOfPage\":{\"@id\":\"https:\/\/b-curelaser.eu\/de\/produkt\/standard-fuer-b-cure-lasergeraet\/#primaryimage\"},\"image\":{\"@id\":\"https:\/\/b-curelaser.eu\/de\/produkt\/standard-fuer-b-cure-lasergeraet\/#primaryimage\"},\"thumbnailUrl\":\"https:\/\/b-curelaser.eu\/wp-content\/uploads\/2024\/03\/b-cure-laser-pro-1-2-2.jpg\",\"datePublished\":\"2024-04-09T11:40:26+00:00\",\"dateModified\":\"2026-03-26T14:01:14+00:00\",\"description\":\"Ein St\u00e4nder f\u00fcr die unabh\u00e4ngige Schmerzbehandlung mit B-Cure. Verstellbar, flexibler St\u00e4nder f\u00fcr komfortable und effiziente Anwendung.\",\"breadcrumb\":{\"@id\":\"https:\/\/b-curelaser.eu\/de\/produkt\/standard-fuer-b-cure-lasergeraet\/#breadcrumb\"},\"inLanguage\":\"de\",\"potentialAction\":[{\"@type\":\"ReadAction\",\"target\":[\"https:\/\/b-curelaser.eu\/de\/produkt\/standard-fuer-b-cure-lasergeraet\/\"]}]},{\"@type\":\"ImageObject\",\"inLanguage\":\"de\",\"@id\":\"https:\/\/b-curelaser.eu\/de\/produkt\/standard-fuer-b-cure-lasergeraet\/#primaryimage\",\"url\":\"https:\/\/b-curelaser.eu\/wp-content\/uploads\/2024\/03\/b-cure-laser-pro-1-2-2.jpg\",\"contentUrl\":\"https:\/\/b-curelaser.eu\/wp-content\/uploads\/2024\/03\/b-cure-laser-pro-1-2-2.jpg\",\"width\":326,\"height\":272},{\"@type\":\"BreadcrumbList\",\"@id\":\"https:\/\/b-curelaser.eu\/de\/produkt\/standard-fuer-b-cure-lasergeraet\/#breadcrumb\",\"itemListElement\":[{\"@type\":\"ListItem\",\"position\":1,\"name\":\"Home\",\"item\":\"https:\/\/b-curelaser.eu\/de\/\"},{\"@type\":\"ListItem\",\"position\":2,\"name\":\"Shop\",\"item\":\"https:\/\/b-curelaser.eu\/de\/shop-2\/\"},{\"@type\":\"ListItem\",\"position\":3,\"name\":\"Standard f\u00fcr B-cure Laserger\u00e4t\"}]},{\"@type\":\"WebSite\",\"@id\":\"https:\/\/b-curelaser.eu\/de\/#website\",\"url\":\"https:\/\/b-curelaser.eu\/de\/\",\"name\":\"B-Cure\",\"description\":\"Neem controle over de pijn\",\"publisher\":{\"@id\":\"https:\/\/b-curelaser.eu\/de\/#organization\"},\"potentialAction\":[{\"@type\":\"SearchAction\",\"target\":{\"@type\":\"EntryPoint\",\"urlTemplate\":\"https:\/\/b-curelaser.eu\/de\/?s={search_term_string}\"},\"query-input\":{\"@type\":\"PropertyValueSpecification\",\"valueRequired\":true,\"valueName\":\"search_term_string\"}}],\"inLanguage\":\"de\"},{\"@type\":\"Organization\",\"@id\":\"https:\/\/b-curelaser.eu\/de\/#organization\",\"name\":\"Take control over pain\",\"url\":\"https:\/\/b-curelaser.eu\/de\/\",\"logo\":{\"@type\":\"ImageObject\",\"inLanguage\":\"de\",\"@id\":\"https:\/\/b-curelaser.eu\/de\/#\/schema\/logo\/image\/\",\"url\":\"https:\/\/b-curelaser.eu\/wp-content\/uploads\/2024\/05\/B-Cure-Laser_Brand-Book_a.png\",\"contentUrl\":\"https:\/\/b-curelaser.eu\/wp-content\/uploads\/2024\/05\/B-Cure-Laser_Brand-Book_a.png\",\"width\":279,\"height\":117,\"caption\":\"Take control over pain\"},\"image\":{\"@id\":\"https:\/\/b-curelaser.eu\/de\/#\/schema\/logo\/image\/\"},\"sameAs\":[\"https:\/\/www.facebook.com\/profile.php?id=61562098760788\"]}]}<\/script>\n<!-- \/ Yoast SEO plugin. -->","yoast_head_json":{"title":"Standard f\u00fcr B-cure Laserger\u00e4t - Take control over pain","description":"Ein St\u00e4nder f\u00fcr die unabh\u00e4ngige Schmerzbehandlung mit B-Cure. Verstellbar, flexibler St\u00e4nder f\u00fcr komfortable und effiziente Anwendung.","robots":{"index":"index","follow":"follow","max-snippet":"max-snippet:-1","max-image-preview":"max-image-preview:large","max-video-preview":"max-video-preview:-1"},"canonical":"https:\/\/b-curelaser.eu\/de\/produkt\/standard-fuer-b-cure-lasergeraet\/","og_locale":"de_DE","og_type":"article","og_title":"Standard f\u00fcr B-cure Laserger\u00e4t - Take control over pain","og_description":"Ein St\u00e4nder f\u00fcr die unabh\u00e4ngige Schmerzbehandlung mit B-Cure. Verstellbar, flexibler St\u00e4nder f\u00fcr komfortable und effiziente Anwendung.","og_url":"https:\/\/b-curelaser.eu\/de\/produkt\/standard-fuer-b-cure-lasergeraet\/","og_site_name":"Take control over pain","article_publisher":"https:\/\/www.facebook.com\/profile.php?id=61562098760788","article_modified_time":"2026-03-26T14:01:14+00:00","og_image":[{"width":326,"height":272,"url":"https:\/\/b-curelaser.eu\/wp-content\/uploads\/2024\/03\/b-cure-laser-pro-1-2-2.jpg","type":"image\/jpeg"}],"schema":{"@context":"https:\/\/schema.org","@graph":[{"@type":"WebPage","@id":"https:\/\/b-curelaser.eu\/de\/produkt\/standard-fuer-b-cure-lasergeraet\/","url":"https:\/\/b-curelaser.eu\/de\/produkt\/standard-fuer-b-cure-lasergeraet\/","name":"Standard f\u00fcr B-cure Laserger\u00e4t - Take control over pain","isPartOf":{"@id":"https:\/\/b-curelaser.eu\/de\/#website"},"primaryImageOfPage":{"@id":"https:\/\/b-curelaser.eu\/de\/produkt\/standard-fuer-b-cure-lasergeraet\/#primaryimage"},"image":{"@id":"https:\/\/b-curelaser.eu\/de\/produkt\/standard-fuer-b-cure-lasergeraet\/#primaryimage"},"thumbnailUrl":"https:\/\/b-curelaser.eu\/wp-content\/uploads\/2024\/03\/b-cure-laser-pro-1-2-2.jpg","datePublished":"2024-04-09T11:40:26+00:00","dateModified":"2026-03-26T14:01:14+00:00","description":"Ein St\u00e4nder f\u00fcr die unabh\u00e4ngige Schmerzbehandlung mit B-Cure. Verstellbar, flexibler St\u00e4nder f\u00fcr komfortable und effiziente Anwendung.","breadcrumb":{"@id":"https:\/\/b-curelaser.eu\/de\/produkt\/standard-fuer-b-cure-lasergeraet\/#breadcrumb"},"inLanguage":"de","potentialAction":[{"@type":"ReadAction","target":["https:\/\/b-curelaser.eu\/de\/produkt\/standard-fuer-b-cure-lasergeraet\/"]}]},{"@type":"ImageObject","inLanguage":"de","@id":"https:\/\/b-curelaser.eu\/de\/produkt\/standard-fuer-b-cure-lasergeraet\/#primaryimage","url":"https:\/\/b-curelaser.eu\/wp-content\/uploads\/2024\/03\/b-cure-laser-pro-1-2-2.jpg","contentUrl":"https:\/\/b-curelaser.eu\/wp-content\/uploads\/2024\/03\/b-cure-laser-pro-1-2-2.jpg","width":326,"height":272},{"@type":"BreadcrumbList","@id":"https:\/\/b-curelaser.eu\/de\/produkt\/standard-fuer-b-cure-lasergeraet\/#breadcrumb","itemListElement":[{"@type":"ListItem","position":1,"name":"Home","item":"https:\/\/b-curelaser.eu\/de\/"},{"@type":"ListItem","position":2,"name":"Shop","item":"https:\/\/b-curelaser.eu\/de\/shop-2\/"},{"@type":"ListItem","position":3,"name":"Standard f\u00fcr B-cure Laserger\u00e4t"}]},{"@type":"WebSite","@id":"https:\/\/b-curelaser.eu\/de\/#website","url":"https:\/\/b-curelaser.eu\/de\/","name":"B-Cure","description":"Neem controle over de pijn","publisher":{"@id":"https:\/\/b-curelaser.eu\/de\/#organization"},"potentialAction":[{"@type":"SearchAction","target":{"@type":"EntryPoint","urlTemplate":"https:\/\/b-curelaser.eu\/de\/?s={search_term_string}"},"query-input":{"@type":"PropertyValueSpecification","valueRequired":true,"valueName":"search_term_string"}}],"inLanguage":"de"},{"@type":"Organization","@id":"https:\/\/b-curelaser.eu\/de\/#organization","name":"Take control over pain","url":"https:\/\/b-curelaser.eu\/de\/","logo":{"@type":"ImageObject","inLanguage":"de","@id":"https:\/\/b-curelaser.eu\/de\/#\/schema\/logo\/image\/","url":"https:\/\/b-curelaser.eu\/wp-content\/uploads\/2024\/05\/B-Cure-Laser_Brand-Book_a.png","contentUrl":"https:\/\/b-curelaser.eu\/wp-content\/uploads\/2024\/05\/B-Cure-Laser_Brand-Book_a.png","width":279,"height":117,"caption":"Take control over pain"},"image":{"@id":"https:\/\/b-curelaser.eu\/de\/#\/schema\/logo\/image\/"},"sameAs":["https:\/\/www.facebook.com\/profile.php?id=61562098760788"]}]}},"_links":{"self":[{"href":"https:\/\/b-curelaser.eu\/de\/wp-json\/wp\/v2\/product\/2464","targetHints":{"allow":["GET"]}}],"collection":[{"href":"https:\/\/b-curelaser.eu\/de\/wp-json\/wp\/v2\/product"}],"about":[{"href":"https:\/\/b-curelaser.eu\/de\/wp-json\/wp\/v2\/types\/product"}],"replies":[{"embeddable":true,"href":"https:\/\/b-curelaser.eu\/de\/wp-json\/wp\/v2\/comments?post=2464"}],"wp:featuredmedia":[{"embeddable":true,"href":"https:\/\/b-curelaser.eu\/de\/wp-json\/wp\/v2\/media\/1080"}],"wp:attachment":[{"href":"https:\/\/b-curelaser.eu\/de\/wp-json\/wp\/v2\/media?parent=2464"}],"wp:term":[{"taxonomy":"product_brand","embeddable":true,"href":"https:\/\/b-curelaser.eu\/de\/wp-json\/wp\/v2\/product_brand?post=2464"},{"taxonomy":"product_cat","embeddable":true,"href":"https:\/\/b-curelaser.eu\/de\/wp-json\/wp\/v2\/product_cat?post=2464"},{"taxonomy":"product_tag","embeddable":true,"href":"https:\/\/b-curelaser.eu\/de\/wp-json\/wp\/v2\/product_tag?post=2464"}],"curies":[{"name":"wp","href":"https:\/\/api.w.org\/{rel}","templated":true}]}}