{"id":4512,"date":"2025-04-08T14:52:47","date_gmt":"2025-04-08T14:52:47","guid":{"rendered":"https:\/\/b-curelaser.eu\/?post_type=product&#038;p=4512"},"modified":"2026-03-26T14:01:14","modified_gmt":"2026-03-26T14:01:14","slug":"b-cure-laser-pro-zur-miete","status":"publish","type":"product","link":"https:\/\/b-curelaser.eu\/de\/produkt\/b-cure-laser-pro-zur-miete\/","title":{"rendered":"B-Cure Laser Pro zur Miete"},"content":{"rendered":"","protected":false},"excerpt":{"rendered":"<div><strong>B-Cure Laser Pro zur Miete, Preis ist f\u00fcr 4 Wochen einschlie\u00dflich Versandkosten<\/strong><\/div>\n<div>B-Cure Laser Pro ist das fortschrittlichste Modell &#8211; mehr Leistung pro Behandlung.<\/div>\n<p>B-Cure Laser Pro eignet sich sowohl f\u00fcr die Anwendung in Kliniken durch Fachleute als auch f\u00fcr die Heimanwendung. B-Cure Laser Pro eignet sich sowohl f\u00fcr die Behandlung akuter als auch chronischer Erkrankungen.<\/p>\n<p><strong>Mietbedingungen:<\/strong><\/p>\n<ul>\n<li>Zeitraum: 4 Wochen, beginnt an dem Tag, an dem die Lieferung bei Ihnen eintrifft<\/li>\n<li>Extrakosten: keine Extrakosten, wenn Sie das mitgelieferte R\u00fccksendeetikett verwenden<\/li>\n<li>Eigentum: B-Cure bleibt Eigent\u00fcmer dieses Produktes, Mietprodukte sind nicht zum Verkauf bestimmt<\/li>\n<\/ul>\n<p><strong>Was in der Box enthalten ist:<\/strong><\/p>\n<ul>\n<li>B-Cure Laser Pro Ger\u00e4t<\/li>\n<li>Verstellbarer St\u00e4nder<\/li>\n<li>Ein Ladeger\u00e4t<\/li>\n<\/ul>\n","protected":false},"featured_media":999,"comment_status":"open","ping_status":"closed","template":"","meta":[],"product_brand":[],"product_cat":[47],"product_tag":[],"class_list":{"0":"post-4512","1":"product","2":"type-product","3":"status-publish","4":"has-post-thumbnail","6":"product_cat-uncategorized-de","7":"futurio-has-gallery","9":"first","10":"instock","11":"sale","12":"taxable","13":"shipping-taxable","14":"purchasable","15":"product-type-simple"},"supplier_id":2644,"supplier_sku":"","barcode":null,"atum_controlled":true,"out_stock_date":null,"out_stock_threshold":null,"inheritable":false,"inbound_stock":0,"stock_on_hold":4,"sold_today":0,"sales_last_days":0,"reserved_stock":0,"customer_returns":0,"warehouse_damage":0,"lost_in_post":0,"other_logs":0,"out_stock_days":0,"lost_sales":0,"has_location":false,"update_date":"2026-04-19T11:26:20","atum_locations":[],"atum_stock_status":"instock","restock_status":false,"low_stock_amount":"","sales_update_date":"2026-04-19T11:26:20","calc_backorders":0,"yoast_head":"<!-- This site is optimized with the Yoast SEO plugin v26.6 - https:\/\/yoast.com\/wordpress\/plugins\/seo\/ -->\n<title>B-Cure Laser Pro zur Miete - Take control over pain<\/title>\n<meta name=\"description\" content=\"B-Cure Laser Pro ist das fortschrittlichste Modell mit mehr Leistung, geeignet f\u00fcr den Heimgebrauch. Preise ist f\u00fcr 4 Wochen einschlie\u00dflich Versandkosten\" \/>\n<meta name=\"robots\" content=\"index, follow, max-snippet:-1, max-image-preview:large, max-video-preview:-1\" \/>\n<link rel=\"canonical\" href=\"https:\/\/b-curelaser.eu\/de\/produkt\/b-cure-laser-pro-zur-miete\/\" \/>\n<meta property=\"og:locale\" content=\"de_DE\" \/>\n<meta property=\"og:type\" content=\"article\" \/>\n<meta property=\"og:title\" content=\"B-Cure Laser Pro zur Miete - Take control over pain\" \/>\n<meta property=\"og:description\" content=\"B-Cure Laser Pro ist das fortschrittlichste Modell mit mehr Leistung, geeignet f\u00fcr den Heimgebrauch. Preise ist f\u00fcr 4 Wochen einschlie\u00dflich Versandkosten\" \/>\n<meta property=\"og:url\" content=\"https:\/\/b-curelaser.eu\/de\/produkt\/b-cure-laser-pro-zur-miete\/\" \/>\n<meta property=\"og:site_name\" content=\"Take control over pain\" \/>\n<meta property=\"article:publisher\" content=\"https:\/\/www.facebook.com\/profile.php?id=61562098760788\" \/>\n<meta property=\"article:modified_time\" content=\"2026-03-26T14:01:14+00:00\" \/>\n<meta property=\"og:image\" content=\"https:\/\/b-curelaser.eu\/wp-content\/uploads\/2024\/03\/Frame-1597883688.png\" \/>\n\t<meta property=\"og:image:width\" content=\"1000\" \/>\n\t<meta property=\"og:image:height\" content=\"1000\" \/>\n\t<meta property=\"og:image:type\" content=\"image\/png\" \/>\n<script type=\"application\/ld+json\" class=\"yoast-schema-graph\">{\"@context\":\"https:\/\/schema.org\",\"@graph\":[{\"@type\":\"WebPage\",\"@id\":\"https:\/\/b-curelaser.eu\/de\/produkt\/b-cure-laser-pro-zur-miete\/\",\"url\":\"https:\/\/b-curelaser.eu\/de\/produkt\/b-cure-laser-pro-zur-miete\/\",\"name\":\"B-Cure Laser Pro zur Miete - Take control over pain\",\"isPartOf\":{\"@id\":\"https:\/\/b-curelaser.eu\/de\/#website\"},\"primaryImageOfPage\":{\"@id\":\"https:\/\/b-curelaser.eu\/de\/produkt\/b-cure-laser-pro-zur-miete\/#primaryimage\"},\"image\":{\"@id\":\"https:\/\/b-curelaser.eu\/de\/produkt\/b-cure-laser-pro-zur-miete\/#primaryimage\"},\"thumbnailUrl\":\"https:\/\/b-curelaser.eu\/wp-content\/uploads\/2024\/03\/Frame-1597883688.png\",\"datePublished\":\"2025-04-08T14:52:47+00:00\",\"dateModified\":\"2026-03-26T14:01:14+00:00\",\"description\":\"B-Cure Laser Pro ist das fortschrittlichste Modell mit mehr Leistung, geeignet f\u00fcr den Heimgebrauch. Preise ist f\u00fcr 4 Wochen einschlie\u00dflich Versandkosten\",\"breadcrumb\":{\"@id\":\"https:\/\/b-curelaser.eu\/de\/produkt\/b-cure-laser-pro-zur-miete\/#breadcrumb\"},\"inLanguage\":\"de\",\"potentialAction\":[{\"@type\":\"ReadAction\",\"target\":[\"https:\/\/b-curelaser.eu\/de\/produkt\/b-cure-laser-pro-zur-miete\/\"]}]},{\"@type\":\"ImageObject\",\"inLanguage\":\"de\",\"@id\":\"https:\/\/b-curelaser.eu\/de\/produkt\/b-cure-laser-pro-zur-miete\/#primaryimage\",\"url\":\"https:\/\/b-curelaser.eu\/wp-content\/uploads\/2024\/03\/Frame-1597883688.png\",\"contentUrl\":\"https:\/\/b-curelaser.eu\/wp-content\/uploads\/2024\/03\/Frame-1597883688.png\",\"width\":1000,\"height\":1000},{\"@type\":\"BreadcrumbList\",\"@id\":\"https:\/\/b-curelaser.eu\/de\/produkt\/b-cure-laser-pro-zur-miete\/#breadcrumb\",\"itemListElement\":[{\"@type\":\"ListItem\",\"position\":1,\"name\":\"Home\",\"item\":\"https:\/\/b-curelaser.eu\/de\/\"},{\"@type\":\"ListItem\",\"position\":2,\"name\":\"Shop\",\"item\":\"https:\/\/b-curelaser.eu\/de\/shop-2\/\"},{\"@type\":\"ListItem\",\"position\":3,\"name\":\"B-Cure Laser Pro zur Miete\"}]},{\"@type\":\"WebSite\",\"@id\":\"https:\/\/b-curelaser.eu\/de\/#website\",\"url\":\"https:\/\/b-curelaser.eu\/de\/\",\"name\":\"B-Cure\",\"description\":\"Neem controle over de pijn\",\"publisher\":{\"@id\":\"https:\/\/b-curelaser.eu\/de\/#organization\"},\"potentialAction\":[{\"@type\":\"SearchAction\",\"target\":{\"@type\":\"EntryPoint\",\"urlTemplate\":\"https:\/\/b-curelaser.eu\/de\/?s={search_term_string}\"},\"query-input\":{\"@type\":\"PropertyValueSpecification\",\"valueRequired\":true,\"valueName\":\"search_term_string\"}}],\"inLanguage\":\"de\"},{\"@type\":\"Organization\",\"@id\":\"https:\/\/b-curelaser.eu\/de\/#organization\",\"name\":\"Take control over pain\",\"url\":\"https:\/\/b-curelaser.eu\/de\/\",\"logo\":{\"@type\":\"ImageObject\",\"inLanguage\":\"de\",\"@id\":\"https:\/\/b-curelaser.eu\/de\/#\/schema\/logo\/image\/\",\"url\":\"https:\/\/b-curelaser.eu\/wp-content\/uploads\/2024\/05\/B-Cure-Laser_Brand-Book_a.png\",\"contentUrl\":\"https:\/\/b-curelaser.eu\/wp-content\/uploads\/2024\/05\/B-Cure-Laser_Brand-Book_a.png\",\"width\":279,\"height\":117,\"caption\":\"Take control over pain\"},\"image\":{\"@id\":\"https:\/\/b-curelaser.eu\/de\/#\/schema\/logo\/image\/\"},\"sameAs\":[\"https:\/\/www.facebook.com\/profile.php?id=61562098760788\"]}]}<\/script>\n<!-- \/ Yoast SEO plugin. -->","yoast_head_json":{"title":"B-Cure Laser Pro zur Miete - Take control over pain","description":"B-Cure Laser Pro ist das fortschrittlichste Modell mit mehr Leistung, geeignet f\u00fcr den Heimgebrauch. Preise ist f\u00fcr 4 Wochen einschlie\u00dflich Versandkosten","robots":{"index":"index","follow":"follow","max-snippet":"max-snippet:-1","max-image-preview":"max-image-preview:large","max-video-preview":"max-video-preview:-1"},"canonical":"https:\/\/b-curelaser.eu\/de\/produkt\/b-cure-laser-pro-zur-miete\/","og_locale":"de_DE","og_type":"article","og_title":"B-Cure Laser Pro zur Miete - Take control over pain","og_description":"B-Cure Laser Pro ist das fortschrittlichste Modell mit mehr Leistung, geeignet f\u00fcr den Heimgebrauch. Preise ist f\u00fcr 4 Wochen einschlie\u00dflich Versandkosten","og_url":"https:\/\/b-curelaser.eu\/de\/produkt\/b-cure-laser-pro-zur-miete\/","og_site_name":"Take control over pain","article_publisher":"https:\/\/www.facebook.com\/profile.php?id=61562098760788","article_modified_time":"2026-03-26T14:01:14+00:00","og_image":[{"width":1000,"height":1000,"url":"https:\/\/b-curelaser.eu\/wp-content\/uploads\/2024\/03\/Frame-1597883688.png","type":"image\/png"}],"schema":{"@context":"https:\/\/schema.org","@graph":[{"@type":"WebPage","@id":"https:\/\/b-curelaser.eu\/de\/produkt\/b-cure-laser-pro-zur-miete\/","url":"https:\/\/b-curelaser.eu\/de\/produkt\/b-cure-laser-pro-zur-miete\/","name":"B-Cure Laser Pro zur Miete - Take control over pain","isPartOf":{"@id":"https:\/\/b-curelaser.eu\/de\/#website"},"primaryImageOfPage":{"@id":"https:\/\/b-curelaser.eu\/de\/produkt\/b-cure-laser-pro-zur-miete\/#primaryimage"},"image":{"@id":"https:\/\/b-curelaser.eu\/de\/produkt\/b-cure-laser-pro-zur-miete\/#primaryimage"},"thumbnailUrl":"https:\/\/b-curelaser.eu\/wp-content\/uploads\/2024\/03\/Frame-1597883688.png","datePublished":"2025-04-08T14:52:47+00:00","dateModified":"2026-03-26T14:01:14+00:00","description":"B-Cure Laser Pro ist das fortschrittlichste Modell mit mehr Leistung, geeignet f\u00fcr den Heimgebrauch. Preise ist f\u00fcr 4 Wochen einschlie\u00dflich Versandkosten","breadcrumb":{"@id":"https:\/\/b-curelaser.eu\/de\/produkt\/b-cure-laser-pro-zur-miete\/#breadcrumb"},"inLanguage":"de","potentialAction":[{"@type":"ReadAction","target":["https:\/\/b-curelaser.eu\/de\/produkt\/b-cure-laser-pro-zur-miete\/"]}]},{"@type":"ImageObject","inLanguage":"de","@id":"https:\/\/b-curelaser.eu\/de\/produkt\/b-cure-laser-pro-zur-miete\/#primaryimage","url":"https:\/\/b-curelaser.eu\/wp-content\/uploads\/2024\/03\/Frame-1597883688.png","contentUrl":"https:\/\/b-curelaser.eu\/wp-content\/uploads\/2024\/03\/Frame-1597883688.png","width":1000,"height":1000},{"@type":"BreadcrumbList","@id":"https:\/\/b-curelaser.eu\/de\/produkt\/b-cure-laser-pro-zur-miete\/#breadcrumb","itemListElement":[{"@type":"ListItem","position":1,"name":"Home","item":"https:\/\/b-curelaser.eu\/de\/"},{"@type":"ListItem","position":2,"name":"Shop","item":"https:\/\/b-curelaser.eu\/de\/shop-2\/"},{"@type":"ListItem","position":3,"name":"B-Cure Laser Pro zur Miete"}]},{"@type":"WebSite","@id":"https:\/\/b-curelaser.eu\/de\/#website","url":"https:\/\/b-curelaser.eu\/de\/","name":"B-Cure","description":"Neem controle over de pijn","publisher":{"@id":"https:\/\/b-curelaser.eu\/de\/#organization"},"potentialAction":[{"@type":"SearchAction","target":{"@type":"EntryPoint","urlTemplate":"https:\/\/b-curelaser.eu\/de\/?s={search_term_string}"},"query-input":{"@type":"PropertyValueSpecification","valueRequired":true,"valueName":"search_term_string"}}],"inLanguage":"de"},{"@type":"Organization","@id":"https:\/\/b-curelaser.eu\/de\/#organization","name":"Take control over pain","url":"https:\/\/b-curelaser.eu\/de\/","logo":{"@type":"ImageObject","inLanguage":"de","@id":"https:\/\/b-curelaser.eu\/de\/#\/schema\/logo\/image\/","url":"https:\/\/b-curelaser.eu\/wp-content\/uploads\/2024\/05\/B-Cure-Laser_Brand-Book_a.png","contentUrl":"https:\/\/b-curelaser.eu\/wp-content\/uploads\/2024\/05\/B-Cure-Laser_Brand-Book_a.png","width":279,"height":117,"caption":"Take control over pain"},"image":{"@id":"https:\/\/b-curelaser.eu\/de\/#\/schema\/logo\/image\/"},"sameAs":["https:\/\/www.facebook.com\/profile.php?id=61562098760788"]}]}},"_links":{"self":[{"href":"https:\/\/b-curelaser.eu\/de\/wp-json\/wp\/v2\/product\/4512","targetHints":{"allow":["GET"]}}],"collection":[{"href":"https:\/\/b-curelaser.eu\/de\/wp-json\/wp\/v2\/product"}],"about":[{"href":"https:\/\/b-curelaser.eu\/de\/wp-json\/wp\/v2\/types\/product"}],"replies":[{"embeddable":true,"href":"https:\/\/b-curelaser.eu\/de\/wp-json\/wp\/v2\/comments?post=4512"}],"wp:featuredmedia":[{"embeddable":true,"href":"https:\/\/b-curelaser.eu\/de\/wp-json\/wp\/v2\/media\/999"}],"wp:attachment":[{"href":"https:\/\/b-curelaser.eu\/de\/wp-json\/wp\/v2\/media?parent=4512"}],"wp:term":[{"taxonomy":"product_brand","embeddable":true,"href":"https:\/\/b-curelaser.eu\/de\/wp-json\/wp\/v2\/product_brand?post=4512"},{"taxonomy":"product_cat","embeddable":true,"href":"https:\/\/b-curelaser.eu\/de\/wp-json\/wp\/v2\/product_cat?post=4512"},{"taxonomy":"product_tag","embeddable":true,"href":"https:\/\/b-curelaser.eu\/de\/wp-json\/wp\/v2\/product_tag?post=4512"}],"curies":[{"name":"wp","href":"https:\/\/api.w.org\/{rel}","templated":true}]}}